{"id":7685,"date":"2019-06-27T09:24:31","date_gmt":"2019-06-27T09:24:31","guid":{"rendered":"https:\/\/2019.transeuropafestival.eu\/termini-di-servizio\/"},"modified":"2019-06-27T09:24:31","modified_gmt":"2019-06-27T09:24:31","slug":"termini-di-servizio","status":"publish","type":"page","link":"https:\/\/2019.transeuropafestival.eu\/it\/termini-di-servizio\/","title":{"rendered":"Termini di servizio"},"content":{"rendered":"<div id='av_section_1'  class='avia-section main_color avia-section-large avia-no-border-styling  avia-bg-style-scroll  avia-builder-el-0  avia-builder-el-no-sibling   container_wrap fullsize' style=' '  ><div class='container' ><main  role=\"main\" itemprop=\"mainContentOfPage\"  class='template-page content  av-content-full alpha units'><div class='post-entry post-entry-type-page post-entry-7685'><div class='entry-content-wrapper clearfix'>\n<div  style='padding-bottom:20px; color:#cf2bc8;font-size:40px;' class='av-special-heading av-special-heading-h2 custom-color-heading blockquote modern-quote  avia-builder-el-1  el_before_av_hr  avia-builder-el-first  av-inherit-size '><h2 class='av-special-heading-tag '  itemprop=\"headline\"  >Termini di servizio<\/h2><div class='special-heading-border'><div class='special-heading-inner-border' style='border-color:#cf2bc8'><\/div><\/div><\/div>\n<div  style=' margin-top:10px; margin-bottom:10px;'  class='hr hr-custom hr-left hr-icon-no   avia-builder-el-2  el_after_av_heading  el_before_av_one_half '><span class='hr-inner  inner-border-av-border-fat' style=' width:50px; border-color:#000000;' ><span class='hr-inner-style'><\/span><\/span><\/div>\n<div class=\"flex_column av_one_half  flex_column_div av-zero-column-padding first  avia-builder-el-3  el_after_av_hr  el_before_av_one_half  \" style='border-radius:0px; '><section class=\"av_textblock_section \"  itemscope=\"itemscope\" itemtype=\"https:\/\/schema.org\/CreativeWork\" ><div class='avia_textblock  '   itemprop=\"text\" ><p>Ci auguriamo che ti piaccia utilizzare il sito Web TRANSEUROPA.<\/p>\n<p>L&#8217;utilizzo del sito web, fornito da European Alternatives, \u00e8 soggetto ai seguenti Termini e Condizioni:<\/p>\n<p>1. Il tuo utilizzo costituisce accettazione di questi termini e condizioni alla data del tuo primo utilizzo del sito<\/p>\n<p>2. European Alternatives si riserva il diritto di modificare questi termini e condizioni in qualsiasi momento pubblicando modifiche online. L&#8217;uso continuato di questo sito dopo che le modifiche sono state pubblicate implica l&#8217;accettazione di questo accordo come modificato.<\/p>\n<p>3. L&#8217;utente accetta di utilizzare questo sito solo per scopi leciti e in modo tale da non violare i diritti, limitare o inibire l&#8217;utilizzo e il godimento del sito da parte di terzi.<\/p>\n<p>4. Questo sito e le informazioni, i nomi, le immagini, le immagini, i loghi relativi o relativi alle Alternative Europee sono forniti &#8220;cos\u00ec come sono&#8221; senza alcuna rappresentazione o approvazione fatta e senza garanzie di alcun tipo, sia esplicite che implicite. In nessun caso European Alternatives sar\u00e0 responsabile per eventuali danni inclusi, a titolo esemplificativo, danni indiretti o consequenziali o qualsiasi danno derivante dall&#8217;utilizzo o in connessione con tale uso o perdita di utilizzo del sito, sia in caso di contratto che per negligenza.<\/p>\n<p>5. European Alternatives non garantisce che le funzioni contenute nel materiale contenuto in questo sito saranno ininterrotte o prive di errori, che i difetti saranno corretti o che questo sito o il server che lo rende disponibile sono esenti da virus o bug o rappresentano la piena funzionalit\u00e0, accuratezza e affidabilit\u00e0 dei materiali.<\/p>\n<p>6. Restrizioni al copyright: l&#8217;uso commerciale o la pubblicazione di tutti o di qualsiasi oggetto visualizzato \u00e8 severamente vietato senza previa autorizzazione da parte di European Alternatives. Nulla di quanto contenuto nel presente documento pu\u00f2 essere interpretato come conferimento di alcuna licenza da parte di European Alternatives per l&#8217;utilizzo di qualsiasi articolo visualizzato. I documenti possono essere copiati per uso personale solo a condizione che vengano copiate anche le indicazioni sul copyright e sulla fonte, che non vengano apportate modifiche e che il documento sia interamente copiato.<\/p>\n<\/div><\/section><\/div><div class=\"flex_column av_one_half  flex_column_div av-zero-column-padding   avia-builder-el-5  el_after_av_one_half  avia-builder-el-last  \" style='border-radius:0px; '><section class=\"av_textblock_section \"  itemscope=\"itemscope\" itemtype=\"https:\/\/schema.org\/CreativeWork\" ><div class='avia_textblock  '   itemprop=\"text\" ><p>Tuttavia, alcuni documenti e foto sono stati pubblicati su questo sito con il permesso dei rispettivi proprietari del copyright (che non sono European Alternative). Tutti i diritti sono riservati su questi documenti e il permesso di copiarli deve essere richiesto ai proprietari del copyright (le fonti sono indicate all&#8217;interno di questi documenti \/ fotografie).<\/p>\n<p>7. European Alternatives non si assume alcuna responsabilit\u00e0 per il contenuto di siti Internet esterni. Altri siti web a cui ci colleghiamo sono di propriet\u00e0 e gestiti da terze parti e European Alternatives non ha alcun controllo su di essi. Il fatto che includiamo collegamenti ad altri siti Web non significa che European Alternatives approvi o approvi altri siti Web di terzi o il contenuto di tale sito web. Non ci assumiamo alcuna responsabilit\u00e0 per dichiarazioni, informazioni, prodotti o servizi pubblicati o accessibili tramite qualsiasi sito Web di propriet\u00e0 o gestito da terze parti.<\/p>\n<p>8. Qualsiasi comunicazione o materiale trasmesso a, o pubblicato su, qualsiasi area pubblica del sito, compresi dati, domande, commenti, suggerimenti o simili, \u00e8, e sar\u00e0 trattato come, informazioni non riservate e non proprietarie.<\/p>\n<p>9. In caso di conflitto tra questi termini e condizioni e le regole e \/ o le condizioni d&#8217;uso specifiche che appaiono su questo sito relative a materiale specifico, prevarranno queste ultime.<\/p>\n<p>10. Questi termini e condizioni saranno governati e interpretati in conformit\u00e0 con le leggi dell&#8217;Inghilterra e del Galles. Eventuali controversie saranno soggette alla giurisdizione esclusiva dei tribunali di Inghilterra e Galles.<\/p>\n<p>11. Se questi termini e condizioni non sono accettati per intero, l&#8217;uso di questo sito deve essere risolto immediatamente.<\/p>\n<p>European Alternatives \u00e8 una societ\u00e0 a responsabilit\u00e0 limitata registrata in Inghilterra e Galles (Reg. No. 6102658) presso European Alternatives, 501, The Nexus Building, Broadway, SG6 9BL Letchworth Garden City. Transeuropa Festival \u00e8 un&#8217;iniziativa congiunta di European Alternatives e dei suoi partner.<\/p>\n<\/div><\/section><\/div>\n","protected":false},"excerpt":{"rendered":"","protected":false},"author":1,"featured_media":0,"parent":0,"menu_order":0,"comment_status":"closed","ping_status":"closed","template":"","meta":{"footnotes":""},"class_list":["post-7685","page","type-page","status-publish","hentry"],"_links":{"self":[{"href":"https:\/\/2019.transeuropafestival.eu\/it\/wp-json\/wp\/v2\/pages\/7685","targetHints":{"allow":["GET"]}}],"collection":[{"href":"https:\/\/2019.transeuropafestival.eu\/it\/wp-json\/wp\/v2\/pages"}],"about":[{"href":"https:\/\/2019.transeuropafestival.eu\/it\/wp-json\/wp\/v2\/types\/page"}],"author":[{"embeddable":true,"href":"https:\/\/2019.transeuropafestival.eu\/it\/wp-json\/wp\/v2\/users\/1"}],"replies":[{"embeddable":true,"href":"https:\/\/2019.transeuropafestival.eu\/it\/wp-json\/wp\/v2\/comments?post=7685"}],"version-history":[{"count":1,"href":"https:\/\/2019.transeuropafestival.eu\/it\/wp-json\/wp\/v2\/pages\/7685\/revisions"}],"predecessor-version":[{"id":7686,"href":"https:\/\/2019.transeuropafestival.eu\/it\/wp-json\/wp\/v2\/pages\/7685\/revisions\/7686"}],"wp:attachment":[{"href":"https:\/\/2019.transeuropafestival.eu\/it\/wp-json\/wp\/v2\/media?parent=7685"}],"curies":[{"name":"wp","href":"https:\/\/api.w.org\/{rel}","templated":true}]}}