{"id":7869,"date":"2019-07-02T08:41:33","date_gmt":"2019-07-02T08:41:33","guid":{"rendered":"https:\/\/2019.transeuropafestival.eu\/school-of-transnational-activism\/"},"modified":"2019-11-01T16:52:53","modified_gmt":"2019-11-01T16:52:53","slug":"school-of-palermo","status":"publish","type":"page","link":"https:\/\/2019.transeuropafestival.eu\/it\/school-of-palermo\/","title":{"rendered":"Scuola di Palermo"},"content":{"rendered":"<div id='eventheader'  class='avia-section main_color avia-section-huge avia-no-border-styling  avia-full-stretch av-parallax-section av-section-color-overlay-active avia-bg-style-parallax  avia-builder-el-0  el_before_av_section  avia-builder-el-first   container_wrap fullsize' style=' '  data-section-bg-repeat='stretch'><div class='av-parallax' data-avia-parallax-ratio='0.3' ><div class='av-parallax-inner main_color  avia-full-stretch' style = 'background-repeat: no-repeat; background-image: url(https:\/\/2019.transeuropafestival.eu\/wp-content\/uploads\/2019\/07\/29821447387_51659a77bf_k-2.jpg);background-attachment: scroll; background-position: center center; ' ><\/div><\/div><div class='av-section-color-overlay-wrap'><div class='av-section-color-overlay' style='opacity: 0.5; background-color: #35383c; '><\/div><div class='container' ><main  role=\"main\" itemprop=\"mainContentOfPage\"  class='template-page content  av-content-full alpha units'><div class='post-entry post-entry-type-page post-entry-7869'><div class='entry-content-wrapper clearfix'>\n<div class=\"flex_column av_one_fifth  flex_column_div av-zero-column-padding first  avia-builder-el-1  el_before_av_three_fifth  avia-builder-el-first  \" style='border-radius:0px; '><\/div><div class=\"flex_column av_three_fifth  flex_column_div av-zero-column-padding   avia-builder-el-2  el_after_av_one_fifth  el_before_av_one_fifth  \" style='border-radius:0px; '><div  style='padding-bottom:19px; color:#ffffff;font-size:40px;' class='av-special-heading av-special-heading-h1 custom-color-heading blockquote modern-quote modern-centered  avia-builder-el-3  avia-builder-el-no-sibling  av-inherit-size '><h1 class='av-special-heading-tag '  itemprop=\"headline\"  >Scuola di Palermo<\/h1><div class='special-heading-border'><div class='special-heading-inner-border' style='border-color:#ffffff'><\/div><\/div><\/div><\/div><div class=\"flex_column av_one_fifth  flex_column_div av-zero-column-padding   avia-builder-el-4  el_after_av_three_fifth  el_before_av_one_fifth  \" style='border-radius:0px; '><\/div><div class=\"flex_column av_one_fifth  flex_column_div av-zero-column-padding first  avia-builder-el-5  el_after_av_one_fifth  el_before_av_three_fifth  column-top-margin\" style='border-radius:0px; '><\/div><div class=\"flex_column av_three_fifth  flex_column_div av-zero-column-padding   avia-builder-el-6  el_after_av_one_fifth  el_before_av_one_fifth  column-top-margin\" style='border-radius:0px; '><p><article  class=\"iconbox iconbox_left    avia-builder-el-7  el_before_av_icon_box  avia-builder-el-first  \"  itemscope=\"itemscope\" itemtype=\"https:\/\/schema.org\/CreativeWork\" ><div class=\"iconbox_content\"><header class=\"entry-content-header\"><div class=\"iconbox_icon heading-color\" aria-hidden='true' data-av_icon='\ue842' data-av_iconfont='entypo-fontello'  style='background-color:#ffffff; border:1px solid #000000; color:#000000; ' ><\/div><h3 class='iconbox_content_title  '  itemprop=\"headline\"   style='color:#ffffff; '>Cre.Zi. Plus &amp; Universit\u00e0 di Palermo<\/h3><\/header><div class='iconbox_content_container av_inherit_color '  itemprop=\"text\"   style='color:#ffffff; '><\/div><\/div><footer class=\"entry-footer\"><\/footer><\/article><br \/>\n<article  class=\"iconbox iconbox_left    avia-builder-el-8  el_after_av_icon_box  avia-builder-el-last  \"  itemscope=\"itemscope\" itemtype=\"https:\/\/schema.org\/CreativeWork\" ><div class=\"iconbox_content\"><header class=\"entry-content-header\"><div class=\"iconbox_icon heading-color\" aria-hidden='true' data-av_icon='\ue862' data-av_iconfont='entypo-fontello'  style='background-color:#000000; border:1px solid #000000; color:#ffffff; ' ><\/div><h3 class='iconbox_content_title  '  itemprop=\"headline\"   style='color:#ffffff; '>7-9 novembre<\/h3><\/header><div class='iconbox_content_container  '  itemprop=\"text\"  ><\/div><\/div><footer class=\"entry-footer\"><\/footer><\/article><\/p><\/div><div class=\"flex_column av_one_fifth  flex_column_div av-zero-column-padding   avia-builder-el-9  el_after_av_three_fifth  avia-builder-el-last  column-top-margin\" style='border-radius:0px; '><\/div>\n\n<\/div><\/div><\/main><!-- close content main element --><\/div><\/div><\/div><div id='av_section_2'  class='avia-section main_color avia-section-small avia-no-border-styling  avia-bg-style-scroll  avia-builder-el-10  el_after_av_section  avia-builder-el-last   container_wrap fullsize' style=' '  ><div class='container' ><div class='template-page content  av-content-full alpha units'><div class='post-entry post-entry-type-page post-entry-7869'><div class='entry-content-wrapper clearfix'>\n<div class=\"flex_column av_one_fifth  flex_column_div av-zero-column-padding first  avia-builder-el-11  el_before_av_three_fifth  avia-builder-el-first  \" style='border-radius:0px; '><\/div><div class=\"flex_column av_three_fifth  flex_column_div av-zero-column-padding   avia-builder-el-12  el_after_av_one_fifth  el_before_av_one_fifth  \" style='border-radius:0px; '><section class=\"av_textblock_section \"  itemscope=\"itemscope\" itemtype=\"https:\/\/schema.org\/CreativeWork\" ><div class='avia_textblock  '   itemprop=\"text\" ><p>Crisi ecologica, flussi finanziari, migrazioni, rivoluzione digitale e lavoratori messi in competizione a scala globale.Lo straordinario scarto fra una storia oramai mondiale e una politica tragicamente ancorata alla sola dimensione nazionale \u00e8 oramai sotto gli occhi di tutti. La Scuola di Politica Transnazionale nasce per affrontare proprio questa contraddizione. A Palermo apriremo la &#8220;Scuola di Palermo&#8221; all&#8217;interno del Transeuropa Festival, un fitto programma di tre giorni che riunir\u00e0 studenti e attivisti locali e internazionali di diverse discipline per esplorare le sfide europee e planetaria del giorno d&#8217;oggi e immaginare un domani al di l\u00e0 dello stato nazionale.<\/p>\n<p>La Scuola comprende master class e workshop, nonch\u00e9 la partecipazione alla conferenza internazionale &#8220;<a href=\"https:\/\/2019.transeuropafestival.eu\/it\/europe-for-the-many\/\">Europe for the Many<\/a>&#8220;, organizzata in partnership con la London School of Economics e l&#8217;Universit\u00e0 di Palermo. Il programma verter\u00e0 su tre principali aree tematiche:<\/p>\n<ul>\n<li><strong>Green New Deal<\/strong>: il Green New Deal \u00e8 il piano pi\u00f9 completo per far uscire l&#8217;Europa dalle due crisi di austerit\u00e0 e di degrado ambientale. Di cosa si tratta? Come finanziarlo e come promuoverlo come soluzione globale per la crisi climatica?<\/li>\n<li><strong>Democrazia europea<\/strong>: nei momenti in cui i cittadini non si sentono adeguatamente rappresentati e i beni comuni globali non sono sufficientemente protetti, \u00e8 necessaria una riforma della democrazia europea per affrontare le sfide globali e coinvolgere i cittadini nelle decisioni che riguardano la loro vita. Quale nuovo modello di democrazia pu\u00f2 introdurre l&#8217;Europa al suo interno e nel mondo e come pu\u00f2 promuovere e garantire i beni comuni globali?<\/li>\n<li><strong>Libera circolazione<\/strong>: il diritto alla libera circolazione \u00e8 un diritto umano, un diritto per tutti. Ma come possiamo immaginare un futuro al di l\u00e0 dello Stato nazionale? E quali sono i possibili modi di resistenza per garantire a livello internazionale il diritto alla protezione, al lavoro, e ai diritti sociali?<\/li>\n<\/ul>\n<h3>La nostra Facolt\u00e0 Internazionale di Palermo<\/h3>\n<p>Le sessioni comprendono tantissimi relatori, tra cui<strong> Ann Pettifor<\/strong> (Prime Economics), <strong>Mary Kaldor<\/strong> (London School of Economics), <strong>Kalypso Nicolaidis<\/strong> (Oxford University), <strong>David Adler<\/strong> (Green New Deal for Europe), <strong>Yvan Sagnet<\/strong> (No Cap), <strong>Clelia Bartoli<\/strong> (Universit\u00e0 di Palermo) e molti altri ancora, oltre ai relatori della conferenza <a href=\"https:\/\/2019.transeuropafestival.eu\/it\/europe-for-the-many\/\">Europe for the Many<\/a>.<\/p>\n<h3>I requisiti<\/h3>\n<ul>\n<li>Un forte interesse per i temi della Scuola di Palermo (Green New Deal, democrazia europea, Libera circolazione).<\/li>\n<li>Un buon livello d&#8217;Inglese: tutte le classi saranno in inglese!<\/li>\n<li>Volont\u00e0 di partecipare a tutte le attivit\u00e0 proposte (tranne la domenica), compresa la conferenza &#8220;<a href=\"https:\/\/2019.transeuropafestival.eu\/it\/europe-for-the-many\/\">Europe for the Many<\/a>&#8220;.<\/li>\n<li>Organizzazione e copertura autonoma del soggiorno a Palermo durante i giorni della Scuola (noi copriremo le spese di viaggio).<\/li>\n<\/ul>\n<hr \/>\n<h2><strong>PROGRAMMA<\/strong><\/h2>\n<h3>Gioved\u00ec 7 novembre dalle 9:00 alle 16:00<\/h3>\n<p>Sede: Cre.Zi.Plus, Via Paolo Gili, 4, 90138 Palermo<\/p>\n<p><strong>Democrazia europea\u00a0<\/strong><\/p>\n<p><strong>Mary Kaldor<\/strong> | Riformare le istituzioni globali per il bene<\/p>\n<p>Un paradosso della nostra epoca \u00e8 che proprio nel momento in cui abbiamo bisogno di istituzioni politiche di portata globale &#8211; per riformare il capitalismo finanziario, per affrontare il cambiamento climatico, per costruire un regime migratorio umano &#8211; le istituzioni che transnazionale, dall&#8217;UE all&#8217;ONU, sembrano essere prive di immaginazione e vengono attaccate dalla crescente ondata nazionalista e xenofoba. Come possiamo riformare le nostre istituzioni per promuovere e garantire la sicurezza dei beni globali?<\/p>\n<p><strong>Kalypso Nicolaidis<\/strong> | Democrazia al di l\u00e0 dello Stato nazionale: Sostanziale, agonistica e sostenibile<\/p>\n<p>Se l&#8217;Unione europea non \u00e8 n\u00e9 un superstato n\u00e9 una confederazione di Stati membri, quale nuovo modello di democrazia pu\u00f2 introdurre? Come pu\u00f2 la democrazia europea sfuggire alle trappole della tecnocrazia, della politica del consenso e del breve termine?<\/p>\n<p><strong>Green New Deal<\/strong><\/p>\n<p><strong>Ann Pettifor<\/strong> | Il caso del Green New Deal<\/p>\n<p>Nel 2008 Ann Pettifor e un gruppo di economisti e pensatori hanno avuto l&#8217;idea di un Green New Deal, di cui si parla oramai in tutto il mondo. Quali sono gli elementi centrali del Green New Deal, come potrebbero essere finanziati e cosa bisogna fare per realizzarli?<\/p>\n<p><strong>David Adler<\/strong> | Internazionalizzare il Green New Deal<\/p>\n<p>Un Green New Deal pu\u00f2 costituire la base di un nuovo rapporto tra l&#8217;Europa e il mondo. Attraverso un coordinamento istituzionale a pi\u00f9 livelli, un Green New Deal di respiro internazionale pu\u00f2 affrontare questioni regionali di fondo, sostenere lo sviluppo di tecnologie verdi e lavorare per una vera decolonizzazione. Come sostenere e mobilitarsi per un Green New Deal in Europa e nel mondo?<\/p>\n<h3>Venerd\u00ec 8 novembre dalle 9:30 alle 19:00<\/h3>\n<p>Sede: Palazzo Chiaramonte-Steri, Universit\u00e0 di Palermo<\/p>\n<p>Conferenza <a href=\"https:\/\/2019.transeuropafestival.eu\/it\/europe-for-the-many\/\"><strong>Europe for the Many<\/strong><\/a><\/p>\n<p>La seconda conferenza Europe for the Many mira a delineare una visione e una strategia per la trasformazione democratica dell&#8217;Europa in un attore responsabile dal punto di vista ecologico e sociale.<\/p>\n<p>La conferenza, che si svolger\u00e0 esattamente 30 anni dopo l&#8217;8 novembre 1989, la caduta del muro di Berlino, e che riunir\u00e0 attivisti, politici e intellettuali di tutto il continente, seguir\u00e0 alcune delle linee di faglia della nuova geografia politica europea e si chieder\u00e0 come creare un nuovo movimento per il cambiamento.<\/p>\n<p>La conferenza \u00e8 organizzata insieme a: London School of Economics (unit\u00e0 Conflict and civil society unit), Another Europe is Possible, European Alternatives, IWM, ERSTE Stiftung, Green European Journal, Heinrich B\u00f6ll Stiftung, Universit\u00e0 di Palermo, Citt\u00e0 di Palermo.<\/p>\n<h3>Sabato 9 novembre dalle 9:30 alle 15:00<\/h3>\n<p>Sede: Cre.Zi.Plus, Via Paolo Gili, 4, 90138 Palermo.<\/p>\n<p><strong>Libera circolazione<\/strong><\/p>\n<p><strong>Yvan Sagnet<\/strong> | Rivolta della dignit\u00e0: lotta per i lavoratori migranti nell&#8217;Italia meridionale<\/p>\n<p>Ivan Sagnet \u00e8 un attivista camerunese ed ex bracciante che partecipa al &#8220;Nuovo Vangelo&#8221;, l&#8217;opera teatrale e cinematografica del regista svizzero Milo Rau, in collaborazione con Matera Capitale Europea della Cultura, il Teatro Argentina di Roma e il Transeuropa Festival. Il workshop ha lo scopo di condividere storie sulla lotta dei rifugiati e dei migranti che lavorano nelle piantagioni di pomodori e aranceti nel sud Italia, una lotta per i diritti delle persone private dei diritti dalle attuali politiche del governo italiano e dell&#8217;Unione Europea.<\/p>\n<p><strong>Clelia Bartoli<\/strong> | Laboratorio di immaginazione giuridica e politica: Un passaporto per uno Stato senza territorio<\/p>\n<p>Lo Stato nazionale, sovrano e territoriale \u00e8 stato da sempre un detonatore di conflitti. Inoltre, un lembo di suolo chiuso entro confini ben definiti, per quanto ampio, \u00e8 sempre una dimensione insufficiente per\u00a0\u00a0affrontare le questioni pi\u00f9 rilevanti quali la crisi ambientale, le migrazioni o la crescente disuguaglianza. Da qui l\u2019idea di dar forma ad un\u2019eresia giuspubblicista: uno Stato liberato dal territorio.<\/p>\n<div>Il workshop di immaginazione politica e giuridica, condotto attraverso il \u201cmetodo dell\u2019altrimenti\u201d, intende decostruire il concetto di Stato partendo da un elemento apparentemente corollario: il passaporto. Tale documento apre infatti la possibilit\u00e0 di riflettere sui dispositivi istituzionali per definire l\u2019identit\u00e0, sorvegliare la popolazione e distribuire l\u2019accesso alla libera circolazione. Come potr\u00e0 essere allora il passaporto di uno stato senza territorio?<\/div>\n<h3>Domenica 10 novembre dalle 11:00 alle 18:00 (partecipazione facoltativa)<\/h3>\n<p>Sede: spazi vari a Palermo<\/p>\n<p><strong>Programma artistico<\/strong><\/p>\n<p>Passeggiata urbana e visita al museo &#8220;(Non) c&#8217;\u00e8 il mare a Palermo&#8221; da Ecomuseo Mare Memoria Viva<\/p>\n<p>Spettacolo al aperto &#8220;Oltre il muro&#8221;\u00a0 di Maghweb \/ Teatro Due Mondi<\/p>\n<p>Spettacolo teatrale. Il nuovo Vangelo: Ingresso a Palermo\u00a0 di Milo Rau \/ Istituto internazionale per l&#8217;omicidio politico (IIPM)<\/p>\n<p>E&#8230; tutto quanto il Transeuropa Festival, che riempir\u00e0 Palermo di iniziative culturali e politiche dal 6 al 10 novembre!<\/p>\n<\/div><\/section><\/div><div class=\"flex_column av_one_fifth  flex_column_div av-zero-column-padding   avia-builder-el-14  el_after_av_three_fifth  avia-builder-el-last  \" style='border-radius:0px; '><\/div>\n","protected":false},"excerpt":{"rendered":"","protected":false},"author":2,"featured_media":0,"parent":0,"menu_order":0,"comment_status":"closed","ping_status":"closed","template":"","meta":{"footnotes":""},"class_list":["post-7869","page","type-page","status-publish","hentry"],"_links":{"self":[{"href":"https:\/\/2019.transeuropafestival.eu\/it\/wp-json\/wp\/v2\/pages\/7869","targetHints":{"allow":["GET"]}}],"collection":[{"href":"https:\/\/2019.transeuropafestival.eu\/it\/wp-json\/wp\/v2\/pages"}],"about":[{"href":"https:\/\/2019.transeuropafestival.eu\/it\/wp-json\/wp\/v2\/types\/page"}],"author":[{"embeddable":true,"href":"https:\/\/2019.transeuropafestival.eu\/it\/wp-json\/wp\/v2\/users\/2"}],"replies":[{"embeddable":true,"href":"https:\/\/2019.transeuropafestival.eu\/it\/wp-json\/wp\/v2\/comments?post=7869"}],"version-history":[{"count":29,"href":"https:\/\/2019.transeuropafestival.eu\/it\/wp-json\/wp\/v2\/pages\/7869\/revisions"}],"predecessor-version":[{"id":9636,"href":"https:\/\/2019.transeuropafestival.eu\/it\/wp-json\/wp\/v2\/pages\/7869\/revisions\/9636"}],"wp:attachment":[{"href":"https:\/\/2019.transeuropafestival.eu\/it\/wp-json\/wp\/v2\/media?parent=7869"}],"curies":[{"name":"wp","href":"https:\/\/api.w.org\/{rel}","templated":true}]}}