{"id":7903,"date":"2019-07-02T12:58:41","date_gmt":"2019-07-02T12:58:41","guid":{"rendered":"https:\/\/2019.transeuropafestival.eu\/?page_id=7903"},"modified":"2019-10-28T09:57:34","modified_gmt":"2019-10-28T09:57:34","slug":"europe-for-the-many","status":"publish","type":"page","link":"https:\/\/2019.transeuropafestival.eu\/it\/europe-for-the-many\/","title":{"rendered":"Europe for the Many"},"content":{"rendered":"<div id='eventheader'  class='avia-section main_color avia-section-huge avia-no-border-styling  avia-full-stretch av-parallax-section av-section-color-overlay-active avia-bg-style-parallax  avia-builder-el-0  el_before_av_section  avia-builder-el-first   container_wrap fullsize' style=' '  data-section-bg-repeat='stretch'><div class='av-parallax' data-avia-parallax-ratio='0.3' ><div class='av-parallax-inner main_color  avia-full-stretch' style = 'background-repeat: no-repeat; background-image: url(https:\/\/2019.transeuropafestival.eu\/wp-content\/uploads\/2019\/10\/europe-for-the-many-1.jpg);background-attachment: scroll; background-position: center center; ' ><\/div><\/div><div class='av-section-color-overlay-wrap'><div class='av-section-color-overlay' style='opacity: 0.5; background-color: #35383c; '><\/div><div class='container' ><main  role=\"main\" itemprop=\"mainContentOfPage\"  class='template-page content  av-content-full alpha units'><div class='post-entry post-entry-type-page post-entry-7903'><div class='entry-content-wrapper clearfix'>\n<div class=\"flex_column av_one_fifth  flex_column_div av-zero-column-padding first  avia-builder-el-1  el_before_av_three_fifth  avia-builder-el-first  \" style='border-radius:0px; '><\/div><div class=\"flex_column av_three_fifth  flex_column_div av-zero-column-padding   avia-builder-el-2  el_after_av_one_fifth  el_before_av_one_fifth  \" style='border-radius:0px; '><div  style='padding-bottom:19px; color:#ffffff;font-size:40px;' class='av-special-heading av-special-heading-h1 custom-color-heading blockquote modern-quote modern-centered  avia-builder-el-3  avia-builder-el-no-sibling  av-inherit-size '><h1 class='av-special-heading-tag '  itemprop=\"headline\"  >Conferenza internazionale: Europe for the Many<\/h1><div class='special-heading-border'><div class='special-heading-inner-border' style='border-color:#ffffff'><\/div><\/div><\/div><\/div><div class=\"flex_column av_one_fifth  flex_column_div av-zero-column-padding   avia-builder-el-4  el_after_av_three_fifth  el_before_av_one_fifth  \" style='border-radius:0px; '><\/div><div class=\"flex_column av_one_fifth  flex_column_div av-zero-column-padding first  avia-builder-el-5  el_after_av_one_fifth  el_before_av_three_fifth  column-top-margin\" style='border-radius:0px; '><\/div><div class=\"flex_column av_three_fifth  flex_column_div av-zero-column-padding   avia-builder-el-6  el_after_av_one_fifth  el_before_av_one_fifth  column-top-margin\" style='border-radius:0px; '><p><article  class=\"iconbox iconbox_left    avia-builder-el-7  el_before_av_icon_box  avia-builder-el-first  \"  itemscope=\"itemscope\" itemtype=\"https:\/\/schema.org\/CreativeWork\" ><div class=\"iconbox_content\"><header class=\"entry-content-header\"><div class=\"iconbox_icon heading-color\" aria-hidden='true' data-av_icon='\ue842' data-av_iconfont='entypo-fontello'  style='background-color:#000000; color:#ffffff; ' ><\/div><h3 class='iconbox_content_title  '  itemprop=\"headline\"   style='color:#ffffff; '>Palazzo Chiaramonte-Steri, Sala delle Capriate<\/h3><\/header><div class='iconbox_content_container  '  itemprop=\"text\"  ><\/div><\/div><footer class=\"entry-footer\"><\/footer><\/article><br \/>\n<article  class=\"iconbox iconbox_left    avia-builder-el-8  el_after_av_icon_box  avia-builder-el-last  \"  itemscope=\"itemscope\" itemtype=\"https:\/\/schema.org\/CreativeWork\" ><div class=\"iconbox_content\"><header class=\"entry-content-header\"><div class=\"iconbox_icon heading-color\" aria-hidden='true' data-av_icon='\ue862' data-av_iconfont='entypo-fontello'  style='background-color:#000000; color:#ffffff; ' ><\/div><h3 class='iconbox_content_title  '  itemprop=\"headline\"   style='color:#ffffff; '>8 novembre, 9:00h<\/h3><\/header><div class='iconbox_content_container  '  itemprop=\"text\"  ><\/div><\/div><footer class=\"entry-footer\"><\/footer><\/article><\/p><\/div><div class=\"flex_column av_one_fifth  flex_column_div av-zero-column-padding   avia-builder-el-9  el_after_av_three_fifth  avia-builder-el-last  column-top-margin\" style='border-radius:0px; '><\/div><\/div><\/div><\/main><!-- close content main element --><\/div><\/div><\/div><div id='av_section_2'  class='avia-section main_color avia-section-small avia-no-border-styling  avia-bg-style-scroll  avia-builder-el-10  el_after_av_section  el_before_av_textblock   container_wrap fullsize' style=' '  ><div class='container' ><div class='template-page content  av-content-full alpha units'><div class='post-entry post-entry-type-page post-entry-7903'><div class='entry-content-wrapper clearfix'>\n<div class=\"flex_column av_one_fifth  flex_column_div av-zero-column-padding first  avia-builder-el-11  el_before_av_three_fifth  avia-builder-el-first  \" style='border-radius:0px; '><\/div><div class=\"flex_column av_three_fifth  flex_column_div av-zero-column-padding   avia-builder-el-12  el_after_av_one_fifth  el_before_av_one_fifth  \" style='border-radius:0px; '><section class=\"av_textblock_section \"  itemscope=\"itemscope\" itemtype=\"https:\/\/schema.org\/CreativeWork\" ><div class='avia_textblock  '   itemprop=\"text\" ><p>La seconda conferenza Europa per molti mira a definire una visione e una strategia per la trasformazione democratica dell&#8217;Europa affinch\u00e9 diventi sia ecologicamente responsabile che socialmente giusto, e quindi veramente ospitale. Avendo luogo esattamente 30 anni dopo l&#8217;8 novembre 1989, la caduta del muro di Berlino e riunendo attivisti, politici e intellettuali da tutto il continente, la conferenza seguir\u00e0 alcune delle faglie nella nuova geografia politica dell&#8217;Europa e chieder\u00e0 come i confini e le pause possono essere superate per creare un nuovo movimento per il cambiamento.<\/p>\n<p><b>Partners<\/b><span style=\"font-weight: 400;\">: <a href=\"http:\/\/www.lse.ac.uk\/\">London School of Economics (Conflict and civil society unit)<\/a>, <a href=\"https:\/\/www.anothereurope.org\/\">Another Europe is Possible<\/a>, <a href=\"https:\/\/euroalter.com\/\">European Alternatives<\/a>, <a href=\"https:\/\/www.iwm.at\/\">IWM<\/a>, <a href=\"http:\/\/www.erstestiftung.org\/en\/\">ERSTE Stiftung<\/a>, <a href=\"https:\/\/www.greeneuropeanjournal.eu\/\">Green European Journal<\/a>, <a href=\"https:\/\/www.boell.de\/en\/startpage\">Heinrich B\u00f6ll Stiftung<\/a>, <a href=\"http:\/\/www.unipa.it\/\">University of Palermo<\/a>, City of Palermo.<\/span><\/p>\n<hr \/>\n<p><strong>AGENDA<\/strong><\/p>\n<p><strong>9.00 &#8211; 9.15<\/strong>\u00a0| Saluto del Rettore Prof. Fabrizio Micari.<\/p>\n<p><strong>9.15 &#8211; 9.30<\/strong> | Osservazioni introduttive<\/p>\n<p><span style=\"font-weight: 400;\">Hedvig Morvai (ERSTE Stiftung) e Daphne Buellesbach (European Alternatives)<\/span><\/p>\n<p><b>09.30 &#8211; 12.00<\/b> | Fine del mese o fine del mondo? Come combattere l&#8217;ingiustizia sociale e salvare il pianeta allo stesso tempo?<\/p>\n<p>&#8220;I leader parlano della fine del mondo, mentre siamo preoccupati di arrivare alla fine del mese!&#8221;. Questo \u00e8 stato uno degli slogan pi\u00f9 forti delle proteste di Gilet Jaunes. I recenti risultati delle elezioni sembrano suggerire che molte persone vedono un&#8217;alternativa qui: l &#8216;&#8221;onda verde&#8221; \u00e8 stata in gran parte limitata alle aree metropolitane dei paesi del nord Europa, mentre altre parti del continente sembrano avere altre priorit\u00e0. Le preoccupazioni ambientali e sociali riguardano priorit\u00e0 contrastanti o possono proposte come il New Deal verde combinarli in modo produttivo?<\/p>\n<p><em><span style=\"font-weight: 400;\">Partecipano: Ann Pettifor (author of <\/span><span style=\"font-weight: 400;\">For a Green New Deal<\/span><span style=\"font-weight: 400;\">) and Philippe Pochet (ETUI), author of <\/span><span style=\"font-weight: 400;\">A la recherche de l&#8217;europe sociale<\/span><span style=\"font-weight: 400;\">, with responses from Anna Cavazzini (Green Member of European Parliament), Marco Cappato (EUmans association), Suzana Carp (Sandbag), Shalini Randeria (IWM) Bernd Marin (Europe&#8217;s Futures Fellow IWM).<\/span><\/em><\/p>\n<p><span style=\"font-weight: 400;\">Moderazione: Niccol\u00f2 Milanese (EA)<\/span><\/p>\n<p><strong>12.30 &#8211; 13.30<\/strong> | Oltre le mura della citt\u00e0: il municipalismo come metodo di cambiamento globale<\/p>\n<p>Negli ultimi anni le citt\u00e0 sono state spesso considerate luoghi di ribellione e resistenza all&#8217;autoritarismo e al ilberberismo. Ma le citt\u00e0 possono essere pi\u00f9 che isole di libert\u00e0 e diventare i centri collegati di un cambiamento pi\u00f9 generale?<\/p>\n<p><em>Con Leoluca Orlando (Sindaco di Palermo), Tunc Soyer (Sindaco di Izmir)<\/em><\/p>\n<p><span style=\"font-weight: 400;\">Moderazione: Lorenzo Marsili (EA)<\/span><\/p>\n<p>PRANZO<\/p>\n<p><strong>14.30 &#8211; 16.00<\/strong> | Come pu\u00f2 l&#8217;Europa agire al di fuori dei suoi confini per promuovere una transizione verde giusta?<\/p>\n<p>L&#8217;Unione europea sta rafforzando la sua capacit\u00e0 di agire al di fuori delle frontiere dell&#8217;UE, sia attraverso la nuova Commissione &#8220;geopolitica&#8221;, il coordinamento della difesa e della sicurezza, sia attraverso le nuove politiche di vicinato. Spesso l&#8217;UE ama pensare di essere un attore di primo piano nella lotta contro il cambiamento climatico, ma come pu\u00f2 meglio conciliare le sue politiche globali con questa ambizione?<\/p>\n<p><em>Partecipano: Nicole Koenig (Istituto Jacques Delors, Berlino e Fellow Futures dell&#8217;Europa), Isabelle Ioannides (Universit\u00e0 di Vrije Bruxelles e Fellow Futures dell&#8217;Europa), Alvaro Vasconcelos (Universit\u00e0 di Coimbra, Portogallo), Rosa Balfour (Fondo Marshall tedesco e Fellow Futures dell&#8217;Europa), Alida Vracic (Think Tank Populari, Sarajevo e Europe&#8217;s Futures Fellow).<\/em><\/p>\n<p>Moderazione: Mary Kaldor (LSE)<\/p>\n<p><strong>16.00 &#8211; 17.30<\/strong> | Democratizzare l&#8217;Europa: dall&#8217;impasse intergovernativa a un nuovo equilibrio transnazionale di forze<\/p>\n<p>Le istituzioni europee sembrano bloccate in un vicolo cieco, ineguale rispetto alle sfide politiche che devono affrontare, sia nella riforma dell&#8217;Eurozona, nella gestione della migrazione o della politica estera. Come \u00e8 possibile la riforma europea? Quali strategie abbiamo per creare un nuovo equilibrio di forze?<\/p>\n<p><em><span style=\"font-weight: 400;\">Partecipano Shahin Vall\u00e9e (German Council of Foreign Relations), Kalypso Nicolaidis (University of Oxford), Leszek Jazdzewski (Libert\u00e9 journal, Lodz, and Europe&#8217;s Futures Fellow), Grigorij Meseznikov (Institute for Public Affairs, Bratislava and Europe&#8217;s Futures Fellow), Peter Kreko (Political Capital, Budapest and Europe&#8217;s Futures Fellow).<\/span><\/em><\/p>\n<p>Moderazione: <span style=\"font-weight: 400;\">Ivan Vejvoda (IWM)<\/span><\/p>\n<p><strong>17.30 &#8211; 18.00<\/strong> | Osservazioni conclusive e presentazione di Substantive Democracy Report<\/p>\n<p><em>Partecipano: <span style=\"font-weight: 400;\">Luke Cooper (LSE and Another Europe is Possible) , Roch Dunin-Wasowicz (LSE), Laurent Standaert (Green European Journal)<\/span><\/em><\/p>\n<p><strong>18.30 &#8211; 20.00<\/strong> | Literary Aperitif 1: Visions of Europe<\/p>\n<p>Presentazione dei libri: <i><span style=\"font-weight: 400;\">A Vision for Europe <\/span><\/i><span style=\"font-weight: 400;\">(ed. David Adler, Preethi Nallu), <\/span><i><span style=\"font-weight: 400;\">Exodus, Reconing, Sacrifice: Three meanings of Brexit <\/span><\/i><span style=\"font-weight: 400;\">(Kalypso Nicoloaidis), <\/span><i><span style=\"font-weight: 400;\">The Case for a Green New Deal<\/span><\/i><span style=\"font-weight: 400;\"> (Ann Pettifor).<\/span><\/p>\n<\/div><\/section><\/div><div class=\"flex_column av_one_fifth  flex_column_div av-zero-column-padding   avia-builder-el-14  el_after_av_three_fifth  avia-builder-el-last  \" style='border-radius:0px; '><\/div><\/div><\/div><\/div><!-- close content main div --><\/div><\/div><div id='after_section_2'  class='main_color av_default_container_wrap container_wrap fullsize' style=' '  ><div class='container' ><div class='template-page content  av-content-full alpha units'><div class='post-entry post-entry-type-page post-entry-7903'><div class='entry-content-wrapper clearfix'><section class=\"av_textblock_section \"  itemscope=\"itemscope\" itemtype=\"https:\/\/schema.org\/CreativeWork\" ><div class='avia_textblock  '   itemprop=\"text\" ><h2 style=\"text-align: center;\"><strong>PARTNERS<\/strong><\/h2>\n<\/div><\/section><\/p>\n<div   data-autoplay='false'  data-interval='5'  data-animation='slide'  class='avia-logo-element-container av-border-deactivate avia-logo-slider avia-content-slider avia-smallarrow-slider avia-content-slider-active noHover avia-content-slider1 avia-content-slider-even  avia-builder-el-16  el_after_av_textblock  avia-builder-el-last  ' ><div class='avia-smallarrow-slider-heading  no-logo-slider-heading '><div class='new-special-heading'>&nbsp;<\/div><\/div><div class='avia-content-slider-inner'><div class='slide-entry-wrap' ><div  class='slide-entry flex_column no_margin post-entry slide-entry-overview slide-loop-1 slide-parity-odd  av_one_eighth first real-thumbnail'><span class='av-partner-fake-img' style='padding-bottom:46.222222222222%; background-image:url(https:\/\/2019.transeuropafestival.eu\/wp-content\/uploads\/2019\/10\/casestudy_londonschool.jpg);'><\/span><\/div><div  class='slide-entry flex_column no_margin post-entry slide-entry-overview slide-loop-2 slide-parity-even  av_one_eighth  real-thumbnail'><span class='av-partner-fake-img' style='padding-bottom:46.222222222222%; background-image:url(https:\/\/2019.transeuropafestival.eu\/wp-content\/uploads\/2019\/10\/AEiP-1.png);'><\/span><\/div><div  class='slide-entry flex_column no_margin post-entry slide-entry-overview slide-loop-3 slide-parity-odd  av_one_eighth  real-thumbnail'><span class='av-partner-fake-img' style='padding-bottom:46.222222222222%; background-image:url(https:\/\/2019.transeuropafestival.eu\/wp-content\/uploads\/2019\/09\/Erstestiftung_Logo_RGB.jpg);'><\/span><\/div><div  class='slide-entry flex_column no_margin post-entry slide-entry-overview slide-loop-4 slide-parity-even  av_one_eighth  real-thumbnail'><span class='av-partner-fake-img' style='padding-bottom:46.222222222222%; background-image:url(https:\/\/2019.transeuropafestival.eu\/wp-content\/uploads\/2019\/09\/IWM_Logo_2017_4c-300x188.jpg);'><\/span><\/div><div  class='slide-entry flex_column no_margin post-entry slide-entry-overview slide-loop-5 slide-parity-odd  av_one_eighth  real-thumbnail'><span class='av-partner-fake-img' style='padding-bottom:46.222222222222%; background-image:url(https:\/\/2019.transeuropafestival.eu\/wp-content\/uploads\/2019\/09\/Europes-Futures-Logo_CMYK2-300x239.jpg);'><\/span><\/div><div  class='slide-entry flex_column no_margin post-entry slide-entry-overview slide-loop-6 slide-parity-even  av_one_eighth  real-thumbnail'><span class='av-partner-fake-img' style='padding-bottom:46.222222222222%; background-image:url(https:\/\/2019.transeuropafestival.eu\/wp-content\/uploads\/2019\/10\/logo-gej-2019-1.png);'><\/span><\/div><div  class='slide-entry flex_column no_margin post-entry slide-entry-overview slide-loop-7 slide-parity-odd  av_one_eighth  real-thumbnail'><span class='av-partner-fake-img' style='padding-bottom:46.222222222222%; background-image:url(https:\/\/2019.transeuropafestival.eu\/wp-content\/uploads\/2019\/10\/EAnew.jpg);'><\/span><\/div><div  class='slide-entry flex_column no_margin post-entry slide-entry-overview slide-loop-8 slide-parity-even  post-entry-last  av_one_eighth  real-thumbnail'><span class='av-partner-fake-img' style='padding-bottom:46.222222222222%; background-image:url(https:\/\/2019.transeuropafestival.eu\/wp-content\/uploads\/2019\/08\/Logo_Unipa_1111.jpg);'><\/span><\/div><\/div><\/div><\/div>\n","protected":false},"excerpt":{"rendered":"","protected":false},"author":2,"featured_media":0,"parent":0,"menu_order":0,"comment_status":"closed","ping_status":"closed","template":"","meta":{"footnotes":""},"class_list":["post-7903","page","type-page","status-publish","hentry"],"_links":{"self":[{"href":"https:\/\/2019.transeuropafestival.eu\/it\/wp-json\/wp\/v2\/pages\/7903","targetHints":{"allow":["GET"]}}],"collection":[{"href":"https:\/\/2019.transeuropafestival.eu\/it\/wp-json\/wp\/v2\/pages"}],"about":[{"href":"https:\/\/2019.transeuropafestival.eu\/it\/wp-json\/wp\/v2\/types\/page"}],"author":[{"embeddable":true,"href":"https:\/\/2019.transeuropafestival.eu\/it\/wp-json\/wp\/v2\/users\/2"}],"replies":[{"embeddable":true,"href":"https:\/\/2019.transeuropafestival.eu\/it\/wp-json\/wp\/v2\/comments?post=7903"}],"version-history":[{"count":12,"href":"https:\/\/2019.transeuropafestival.eu\/it\/wp-json\/wp\/v2\/pages\/7903\/revisions"}],"predecessor-version":[{"id":9566,"href":"https:\/\/2019.transeuropafestival.eu\/it\/wp-json\/wp\/v2\/pages\/7903\/revisions\/9566"}],"wp:attachment":[{"href":"https:\/\/2019.transeuropafestival.eu\/it\/wp-json\/wp\/v2\/media?parent=7903"}],"curies":[{"name":"wp","href":"https:\/\/api.w.org\/{rel}","templated":true}]}}