{"id":8212,"date":"2019-08-22T10:37:34","date_gmt":"2019-08-22T10:37:34","guid":{"rendered":"https:\/\/2019.transeuropafestival.eu\/street-performance-beyond-borders\/"},"modified":"2020-07-06T11:54:59","modified_gmt":"2020-07-06T11:54:59","slug":"street-performance-beyond-borders","status":"publish","type":"page","link":"https:\/\/2019.transeuropafestival.eu\/it\/street-performance-beyond-borders\/","title":{"rendered":"PERFORMANCE &#8220;OLTRE MURI&#8221;"},"content":{"rendered":"<div id='eventheader'  class='avia-section main_color avia-section-huge avia-no-border-styling  avia-full-stretch av-parallax-section av-section-color-overlay-active avia-bg-style-parallax  avia-builder-el-0  el_before_av_section  avia-builder-el-first   container_wrap fullsize' style=' '  data-section-bg-repeat='stretch'><div class='av-parallax' data-avia-parallax-ratio='0.3' ><div class='av-parallax-inner main_color  avia-full-stretch' style = 'background-repeat: no-repeat; background-image: url(https:\/\/2019.transeuropafestival.eu\/wp-content\/uploads\/2019\/08\/43331143_1134833536667620_7065796654523219968_n.jpg);background-attachment: scroll; background-position: center center; ' ><\/div><\/div><div class='av-section-color-overlay-wrap'><div class='av-section-color-overlay' style='opacity: 0.5; background-color: #35383c; '><\/div><div class='container' ><main  role=\"main\" itemprop=\"mainContentOfPage\"  class='template-page content  av-content-full alpha units'><div class='post-entry post-entry-type-page post-entry-8212'><div class='entry-content-wrapper clearfix'>\n<div class=\"flex_column av_one_fifth  flex_column_div av-zero-column-padding first  avia-builder-el-1  el_before_av_three_fifth  avia-builder-el-first  \" style='border-radius:0px; '><\/div><div class=\"flex_column av_three_fifth  flex_column_div av-zero-column-padding   avia-builder-el-2  el_after_av_one_fifth  el_before_av_one_fifth  \" style='border-radius:0px; '><div  style='padding-bottom:19px; color:#ffffff;font-size:40px;' class='av-special-heading av-special-heading-h1 custom-color-heading blockquote modern-quote modern-centered  avia-builder-el-3  avia-builder-el-no-sibling  av-inherit-size '><h1 class='av-special-heading-tag '  itemprop=\"headline\"  >PERFORMANCE <span class='special_amp'>&#8220;<\/span>OLTRE MURI<span class='special_amp'>&#8221;<\/span><\/h1><div class='special-heading-border'><div class='special-heading-inner-border' style='border-color:#ffffff'><\/div><\/div><\/div><\/div><div class=\"flex_column av_one_fifth  flex_column_div av-zero-column-padding   avia-builder-el-4  el_after_av_three_fifth  el_before_av_one_fifth  \" style='border-radius:0px; '><\/div><div class=\"flex_column av_one_fifth  flex_column_div av-zero-column-padding first  avia-builder-el-5  el_after_av_one_fifth  el_before_av_three_fifth  column-top-margin\" style='border-radius:0px; '><\/div><div class=\"flex_column av_three_fifth  flex_column_div av-zero-column-padding   avia-builder-el-6  el_after_av_one_fifth  el_before_av_one_fifth  column-top-margin\" style='border-radius:0px; '><p><article  class=\"iconbox iconbox_left    avia-builder-el-7  el_before_av_icon_box  avia-builder-el-first  \"  itemscope=\"itemscope\" itemtype=\"https:\/\/schema.org\/CreativeWork\" ><div class=\"iconbox_content\"><header class=\"entry-content-header\"><div class=\"iconbox_icon heading-color\" aria-hidden='true' data-av_icon='\ue842' data-av_iconfont='entypo-fontello'  style='background-color:#ffffff; color:#000000; ' ><\/div><h3 class='iconbox_content_title  '  itemprop=\"headline\"   style='color:#ffffff; '>La Cala<\/h3><\/header><div class='iconbox_content_container  '  itemprop=\"text\"  ><\/div><\/div><footer class=\"entry-footer\"><\/footer><\/article><br \/>\n<article  class=\"iconbox iconbox_left    avia-builder-el-8  el_after_av_icon_box  avia-builder-el-last  \"  itemscope=\"itemscope\" itemtype=\"https:\/\/schema.org\/CreativeWork\" ><div class=\"iconbox_content\"><header class=\"entry-content-header\"><div class=\"iconbox_icon heading-color\" aria-hidden='true' data-av_icon='\ue862' data-av_iconfont='entypo-fontello'  style='background-color:#ffffff; color:#000000; ' ><\/div><h3 class='iconbox_content_title  '  itemprop=\"headline\"   style='color:#ffffff; '>10 novembre - 12h <\/h3><\/header><div class='iconbox_content_container  '  itemprop=\"text\"  ><\/div><\/div><footer class=\"entry-footer\"><\/footer><\/article><\/p><\/div><div class=\"flex_column av_one_fifth  flex_column_div av-zero-column-padding   avia-builder-el-9  el_after_av_three_fifth  avia-builder-el-last  column-top-margin\" style='border-radius:0px; '><\/div>\n\n<\/div><\/div><\/main><!-- close content main element --><\/div><\/div><\/div><div id='av_section_2'  class='avia-section main_color avia-section-small avia-no-border-styling  avia-bg-style-scroll  avia-builder-el-10  el_after_av_section  el_before_av_section   container_wrap fullsize' style=' '  ><div class='container' ><div class='template-page content  av-content-full alpha units'><div class='post-entry post-entry-type-page post-entry-8212'><div class='entry-content-wrapper clearfix'>\n<div class=\"flex_column av_one_fifth  flex_column_div av-zero-column-padding first  avia-builder-el-11  el_before_av_three_fifth  avia-builder-el-first  \" style='border-radius:0px; '><\/div><div class=\"flex_column av_three_fifth  flex_column_div av-zero-column-padding   avia-builder-el-12  el_after_av_one_fifth  el_before_av_one_fifth  \" style='border-radius:0px; '><section class=\"av_textblock_section \"  itemscope=\"itemscope\" itemtype=\"https:\/\/schema.org\/CreativeWork\" ><div class='avia_textblock  '   itemprop=\"text\" ><p><a href=\"http:\/\/www.maghweb.org\/\">Maghweb<\/a> curer\u00e0 l\u2019organizzazione e la realizzazione di \u201cOltre muri\u201d, una performance teatrale e musicale, che condurr\u00e0 i partecipanti in un viaggio di esplorazione sul tema dei \u201cmuri\u201d.<\/p>\n<p>Ideata e realizzata dal M\u00b0Gianluca Badon, sar\u00e0 proposta all\u2019interno di una piazza del centro storico di Palermo. La performance propone l\u2019esecuzione al pianoforte, da parte del M\u00b0 Badon, dei brani pi\u00f9 significativi dell\u2019album \u201cThe Wall\u201d dei Pink Floyd, trascritti e rivisitati, alternati alla recitazione di poesie e scritti di alcuni dei pi\u00f9 importanti autori del nostro tempo, letture selezionate per accompagnare lo spettatore nella disamina dei temi trattati nel disco.<\/p>\n<p>Sul palco un pianista e un attore condurranno gli spettatori attraverso un percorso d\u2019arte, contenuti ed emozioni. Le tematiche affrontate sono molto attuali: esclusione, omologazione, disumanizzazione, frustrazione, apatia, demonizzazione dell\u2019altro e del diverso, sono solo alcuni dei mattoni che contribuiscono tutt\u2019ora a costruire muri tra gli uomini. Muri tra gli Stati, tra i popoli, tra poveri e ricchi, muri interiori, muri tra s\u00e9 e ci\u00f2 che \u00e8 altro da s\u00e9. Muri talvolta invisibili, ma terribilmente reali. Per abbatterli bisogna conoscerli e conoscere ci\u00f2 che ha portato ad essi, saper interpretare e contrastare l\u2019insensatezza di limiti e confini di una realt\u00e0 spesso pronta a dividere. Arte, Musica, Poesia, ci possono guidare verso una societ\u00e0 migliore, pi\u00f9 umana. La prima dello spettacolo si \u00e8 svolta a Palermo nel 2018, in collaborazione con Arci nazionale e il Comune di Palermo.<\/p>\n<p>A seguire, la compagnia teatrale<span class=\"s1\">\u00a0\u201c<a href=\"https:\/\/teatroduemondi.it\/\">Teatro Due Mondi<\/a>\u201d realizzer<\/span><span class=\"s1\">\u00e0 lo spettacolo &#8220;Come crepe nei muri&#8221;, nato all\u2019interno del progetto Mauerspringer. E\u2019 un lavoro pensato e strutturato per la piazza, dove viene definito e disegnato un grande spazio rettangolare per l\u2019azione che vedr\u00e0 il pubblico occuparne i quattro lati. Parliamo di muri e di barriere fatti di pietra e filo spinato che possono diventare invalicabili, ma anche di come spesso \u00e8 proprio la difficolt\u00e0 di relazione tra le persone o con se stessi che crea muri di paura e diffidenza o confini individuali. L\u2019ignoranza alza i muri, e la conoscenza crea le brecce perch\u00e9 poi possano essere abbattuti. Per questo &#8220;Come crepe nei muri&#8221; racconta di muri alti che dividono, che ancora vengono costruiti, e sono gi\u00e0 talmente tanti che se visti dal cielo possono sembrare un enorme labirinto di varchi sorvegliati e di cul de sac.\u00a0<\/span><\/p>\n<hr \/>\n<p><img loading=\"lazy\" decoding=\"async\" class=\"alignnone wp-image-9867\" src=\"https:\/\/2019.transeuropafestival.eu\/wp-content\/uploads\/2020\/07\/flag_yellow_high-1-1.jpg\" alt=\"\" width=\"125\" height=\"83\" srcset=\"https:\/\/2019.transeuropafestival.eu\/wp-content\/uploads\/2020\/07\/flag_yellow_high-1-1.jpg 2363w, https:\/\/2019.transeuropafestival.eu\/wp-content\/uploads\/2020\/07\/flag_yellow_high-1-1-300x200.jpg 300w, https:\/\/2019.transeuropafestival.eu\/wp-content\/uploads\/2020\/07\/flag_yellow_high-1-1-1030x687.jpg 1030w, https:\/\/2019.transeuropafestival.eu\/wp-content\/uploads\/2020\/07\/flag_yellow_high-1-1-768x512.jpg 768w, https:\/\/2019.transeuropafestival.eu\/wp-content\/uploads\/2020\/07\/flag_yellow_high-1-1-1536x1024.jpg 1536w, https:\/\/2019.transeuropafestival.eu\/wp-content\/uploads\/2020\/07\/flag_yellow_high-1-1-2048x1366.jpg 2048w, https:\/\/2019.transeuropafestival.eu\/wp-content\/uploads\/2020\/07\/flag_yellow_high-1-1-1500x1000.jpg 1500w, https:\/\/2019.transeuropafestival.eu\/wp-content\/uploads\/2020\/07\/flag_yellow_high-1-1-705x470.jpg 705w\" sizes=\"auto, (max-width: 125px) 100vw, 125px\" \/><\/p>\n<p><em>Questo evento \u00e8 finanziato dal Programma Diritti, Uguaglianza e Cittadinanza dell&#8217;Unione Europea (2014-2020). Il contenuto di questo evento rappresenta solo il punto di vista dell&#8217;autore ed \u00e8 di sua esclusiva responsabilit\u00e0. La Commissione Europea non si assume alcuna responsabilit\u00e0 per l&#8217;uso che pu\u00f2 essere fatto delle informazioni in esso contenute.<\/em><\/p>\n<\/div><\/section><\/div><div class=\"flex_column av_one_fifth  flex_column_div av-zero-column-padding   avia-builder-el-14  el_after_av_three_fifth  avia-builder-el-last  \" style='border-radius:0px; '><\/div><\/div><\/div><\/div><!-- close content main div --><\/div><\/div><div id='av_section_3'  class='avia-section main_color avia-section-default avia-no-border-styling  av-section-color-overlay-active avia-bg-style-scroll  avia-builder-el-15  el_after_av_section  avia-builder-el-last   container_wrap fullsize' style='background-color: #745f7e;  '  ><div class='av-section-color-overlay-wrap'><div class='av-section-color-overlay' style='opacity: 0.9; background-color: #35383c; '><\/div><div class='container' ><div class='template-page content  av-content-full alpha units'><div class='post-entry post-entry-type-page post-entry-8212'><div class='entry-content-wrapper clearfix'>\n<div class=\"flex_column av_one_fifth  flex_column_div av-zero-column-padding first  avia-builder-el-16  el_before_av_three_fifth  avia-builder-el-first  \" style='border-radius:0px; '><\/div><div class=\"flex_column av_three_fifth  flex_column_div av-zero-column-padding   avia-builder-el-17  el_after_av_one_fifth  el_before_av_one_fifth  \" style='border-radius:0px; '><section class=\"av_textblock_section \"  itemscope=\"itemscope\" itemtype=\"https:\/\/schema.org\/CreativeWork\" ><div class='avia_textblock  '   itemprop=\"text\" ><div class='avia-iframe-wrap'><iframe loading=\"lazy\" title=\"Oltre il Muro | Il capolavoro dei Pink Floyd rivisitato per pianoforte in un live a cielo aperto\" width=\"1500\" height=\"844\" src=\"https:\/\/www.youtube.com\/embed\/h9eUqviXWO8?feature=oembed\" frameborder=\"0\" allow=\"accelerometer; autoplay; encrypted-media; gyroscope; picture-in-picture\" allowfullscreen><\/iframe><\/div>\n<\/div><\/section><\/div><div class=\"flex_column av_one_fifth  flex_column_div av-zero-column-padding   avia-builder-el-19  el_after_av_three_fifth  avia-builder-el-last  \" style='border-radius:0px; '><\/div>\n<\/p>\n","protected":false},"excerpt":{"rendered":"","protected":false},"author":2,"featured_media":0,"parent":0,"menu_order":0,"comment_status":"closed","ping_status":"closed","template":"","meta":{"footnotes":""},"class_list":["post-8212","page","type-page","status-publish","hentry"],"_links":{"self":[{"href":"https:\/\/2019.transeuropafestival.eu\/it\/wp-json\/wp\/v2\/pages\/8212","targetHints":{"allow":["GET"]}}],"collection":[{"href":"https:\/\/2019.transeuropafestival.eu\/it\/wp-json\/wp\/v2\/pages"}],"about":[{"href":"https:\/\/2019.transeuropafestival.eu\/it\/wp-json\/wp\/v2\/types\/page"}],"author":[{"embeddable":true,"href":"https:\/\/2019.transeuropafestival.eu\/it\/wp-json\/wp\/v2\/users\/2"}],"replies":[{"embeddable":true,"href":"https:\/\/2019.transeuropafestival.eu\/it\/wp-json\/wp\/v2\/comments?post=8212"}],"version-history":[{"count":9,"href":"https:\/\/2019.transeuropafestival.eu\/it\/wp-json\/wp\/v2\/pages\/8212\/revisions"}],"predecessor-version":[{"id":8217,"href":"https:\/\/2019.transeuropafestival.eu\/it\/wp-json\/wp\/v2\/pages\/8212\/revisions\/8217"}],"wp:attachment":[{"href":"https:\/\/2019.transeuropafestival.eu\/it\/wp-json\/wp\/v2\/media?parent=8212"}],"curies":[{"name":"wp","href":"https:\/\/api.w.org\/{rel}","templated":true}]}}