{"id":8888,"date":"2019-10-08T15:40:57","date_gmt":"2019-10-08T15:40:57","guid":{"rendered":"https:\/\/2019.transeuropafestival.eu\/transnational-journalism\/"},"modified":"2020-07-06T11:57:04","modified_gmt":"2020-07-06T11:57:04","slug":"transnational-journalism","status":"publish","type":"page","link":"https:\/\/2019.transeuropafestival.eu\/it\/transnational-journalism\/","title":{"rendered":"Building a transnational journalism: the Transeuropa Caravans experience"},"content":{"rendered":"<div id='eventheader'  class='avia-section main_color avia-section-huge avia-no-border-styling  avia-full-stretch av-parallax-section av-section-color-overlay-active avia-bg-style-parallax  avia-builder-el-0  el_before_av_section  avia-builder-el-first   container_wrap fullsize' style=' '  data-section-bg-repeat='stretch'><div class='av-parallax' data-avia-parallax-ratio='0.3' ><div class='av-parallax-inner main_color  avia-full-stretch' style = 'background-repeat: no-repeat; background-image: url(https:\/\/2019.transeuropafestival.eu\/wp-content\/uploads\/2019\/10\/47787747692_e3f31cc231_h.jpg);background-attachment: scroll; background-position: center center; ' ><\/div><\/div><div class='av-section-color-overlay-wrap'><div class='av-section-color-overlay' style='opacity: 0.5; background-color: #35383c; '><\/div><div class='container' ><main  role=\"main\" itemprop=\"mainContentOfPage\"  class='template-page content  av-content-full alpha units'><div class='post-entry post-entry-type-page post-entry-8888'><div class='entry-content-wrapper clearfix'>\n<div class=\"flex_column av_one_fifth  flex_column_div av-zero-column-padding first  avia-builder-el-1  el_before_av_three_fifth  avia-builder-el-first  \" style='border-radius:0px; '><\/div><div class=\"flex_column av_three_fifth  flex_column_div av-zero-column-padding   avia-builder-el-2  el_after_av_one_fifth  el_before_av_one_fifth  \" style='border-radius:0px; '><div  style='padding-bottom:19px; color:#ffffff;font-size:40px;' class='av-special-heading av-special-heading-h1 custom-color-heading blockquote modern-quote modern-centered  avia-builder-el-3  avia-builder-el-no-sibling  av-inherit-size '><h1 class='av-special-heading-tag '  itemprop=\"headline\"  >Transeuropa Caravans: verso un giornalismo transnazionale<\/h1><div class='special-heading-border'><div class='special-heading-inner-border' style='border-color:#ffffff'><\/div><\/div><\/div><\/div><div class=\"flex_column av_one_fifth  flex_column_div av-zero-column-padding   avia-builder-el-4  el_after_av_three_fifth  el_before_av_one_fifth  \" style='border-radius:0px; '><\/div><div class=\"flex_column av_one_fifth  flex_column_div av-zero-column-padding first  avia-builder-el-5  el_after_av_one_fifth  el_before_av_three_fifth  column-top-margin\" style='border-radius:0px; '><\/div><div class=\"flex_column av_three_fifth  flex_column_div av-zero-column-padding   avia-builder-el-6  el_after_av_one_fifth  el_before_av_one_fifth  column-top-margin\" style='border-radius:0px; '><p><article  class=\"iconbox iconbox_left    avia-builder-el-7  el_before_av_icon_box  avia-builder-el-first  \"  itemscope=\"itemscope\" itemtype=\"https:\/\/schema.org\/CreativeWork\" ><div class=\"iconbox_content\"><header class=\"entry-content-header\"><div class=\"iconbox_icon heading-color\" aria-hidden='true' data-av_icon='\ue842' data-av_iconfont='entypo-fontello'  style='background-color:#ffffff; color:#000000; ' ><\/div><h3 class='iconbox_content_title  '  itemprop=\"headline\"   style='color:#ffffff; '>Cre.Zi. Plus<\/h3><\/header><div class='iconbox_content_container  '  itemprop=\"text\"  ><\/div><\/div><footer class=\"entry-footer\"><\/footer><\/article><br \/>\n<article  class=\"iconbox iconbox_left    avia-builder-el-8  el_after_av_icon_box  avia-builder-el-last  \"  itemscope=\"itemscope\" itemtype=\"https:\/\/schema.org\/CreativeWork\" ><div class=\"iconbox_content\"><header class=\"entry-content-header\"><div class=\"iconbox_icon heading-color\" aria-hidden='true' data-av_icon='\ue862' data-av_iconfont='entypo-fontello'  style='background-color:#ffffff; color:#000000; ' ><\/div><h3 class='iconbox_content_title  '  itemprop=\"headline\"   style='color:#ffffff; '>9 novembre - 15.30h<\/h3><\/header><div class='iconbox_content_container  '  itemprop=\"text\"  ><\/div><\/div><footer class=\"entry-footer\"><\/footer><\/article><\/p><\/div><div class=\"flex_column av_one_fifth  flex_column_div av-zero-column-padding   avia-builder-el-9  el_after_av_three_fifth  avia-builder-el-last  column-top-margin\" style='border-radius:0px; '><\/div>\n\n<\/div><\/div><\/main><!-- close content main element --><\/div><\/div><\/div><div id='av_section_2'  class='avia-section main_color avia-section-small avia-no-border-styling  avia-bg-style-scroll  avia-builder-el-10  el_after_av_section  avia-builder-el-last   container_wrap fullsize' style=' '  ><div class='container' ><div class='template-page content  av-content-full alpha units'><div class='post-entry post-entry-type-page post-entry-8888'><div class='entry-content-wrapper clearfix'>\n<div class=\"flex_column av_one_fifth  flex_column_div av-zero-column-padding first  avia-builder-el-11  el_before_av_three_fifth  avia-builder-el-first  \" style='border-radius:0px; '><\/div><div class=\"flex_column av_three_fifth  flex_column_div av-zero-column-padding   avia-builder-el-12  el_after_av_one_fifth  el_before_av_one_fifth  \" style='border-radius:0px; '><section class=\"av_textblock_section \"  itemscope=\"itemscope\" itemtype=\"https:\/\/schema.org\/CreativeWork\" ><div class='avia_textblock  '   itemprop=\"text\" ><p><span style=\"font-weight: 400;\">L&#8217;esperienza delle elezioni europee ci ha dimostrato, ancora una volta, che i media locali, nazionali e persino internazionali non riescono a parlare di questioni paneuropee in modo transnazionale. La prospettiva nazionale rimane quella privilegiata nel momento del racconto della notizia. Si evita dunque di dare un quadro pi\u00f9 ampio dei fenomeni e tendenze legati alla politica odierna. In concomitanza della scorsa campagna elettorale per il rinnovo del Parlamento europeo, un gruppo di giovani attivisti ha attraversato quindici paesi dell\u2019Ue dando vita a cinque carovane in difesa dei diritti fondamentali. L\u2019obiettivo? Incontrare cittadini europei attivi sul territorio, collegare le loro lotte e sviluppare modelli di politica alternativi.<\/span><\/p>\n<p><span style=\"font-weight: 400;\">Nel contesto del Transeuropa Festival, European Alternatives unisce le forze con Caf\u00e9babel, media partner di Transeuropa Caravan e una delle prime riviste partecipative multilingue realizzate da e per i giovani di tutta Europa. Caf\u00e9babel nasce con l&#8217;obiettivo di creare una vera e propria opinione pubblica europea. Durante l\u2019evento, due attiviste di Transeuropa Caravan racconteranno la loro esperienza, nonch\u00e9 le storie di lotta a livello locale che hanno potuto raccogliere durante il viaggio. Grazie alla conoscenza acquisita attraverso Transeuropa Caravans, vogliamo riflettere su quali spazi pubblici e mediatici debbano essere costruiti per permettere alle nuove generazioni di cittadini, sempre pi\u00f9 connesse e mobile, di rimanere attive e impegnarsi nelle dinamiche sociali, al di fuori delle sfere pubbliche nazionali.<\/span><\/p>\n<hr \/>\n<p><img loading=\"lazy\" decoding=\"async\" class=\"alignnone wp-image-9867\" src=\"https:\/\/2019.transeuropafestival.eu\/wp-content\/uploads\/2020\/07\/flag_yellow_high-1-1.jpg\" alt=\"\" width=\"158\" height=\"105\" srcset=\"https:\/\/2019.transeuropafestival.eu\/wp-content\/uploads\/2020\/07\/flag_yellow_high-1-1.jpg 2363w, https:\/\/2019.transeuropafestival.eu\/wp-content\/uploads\/2020\/07\/flag_yellow_high-1-1-300x200.jpg 300w, https:\/\/2019.transeuropafestival.eu\/wp-content\/uploads\/2020\/07\/flag_yellow_high-1-1-1030x687.jpg 1030w, https:\/\/2019.transeuropafestival.eu\/wp-content\/uploads\/2020\/07\/flag_yellow_high-1-1-768x512.jpg 768w, https:\/\/2019.transeuropafestival.eu\/wp-content\/uploads\/2020\/07\/flag_yellow_high-1-1-1536x1024.jpg 1536w, https:\/\/2019.transeuropafestival.eu\/wp-content\/uploads\/2020\/07\/flag_yellow_high-1-1-2048x1366.jpg 2048w, https:\/\/2019.transeuropafestival.eu\/wp-content\/uploads\/2020\/07\/flag_yellow_high-1-1-1500x1000.jpg 1500w, https:\/\/2019.transeuropafestival.eu\/wp-content\/uploads\/2020\/07\/flag_yellow_high-1-1-705x470.jpg 705w\" sizes=\"auto, (max-width: 158px) 100vw, 158px\" \/><\/p>\n<p><em>Questo evento \u00e8 finanziato dal Programma Diritti, Uguaglianza e Cittadinanza dell&#8217;Unione Europea (2014-2020). Il contenuto di questo evento rappresenta solo il punto di vista dell&#8217;autore ed \u00e8 di sua esclusiva responsabilit\u00e0. La Commissione Europea non si assume alcuna responsabilit\u00e0 per l&#8217;uso che pu\u00f2 essere fatto delle informazioni in esso contenute.<\/em><\/p>\n<\/div><\/section><\/div><div class=\"flex_column av_one_fifth  flex_column_div av-zero-column-padding   avia-builder-el-14  el_after_av_three_fifth  avia-builder-el-last  \" style='border-radius:0px; '><\/div>\n","protected":false},"excerpt":{"rendered":"","protected":false},"author":2,"featured_media":0,"parent":0,"menu_order":0,"comment_status":"closed","ping_status":"closed","template":"","meta":{"footnotes":""},"class_list":["post-8888","page","type-page","status-publish","hentry"],"_links":{"self":[{"href":"https:\/\/2019.transeuropafestival.eu\/it\/wp-json\/wp\/v2\/pages\/8888","targetHints":{"allow":["GET"]}}],"collection":[{"href":"https:\/\/2019.transeuropafestival.eu\/it\/wp-json\/wp\/v2\/pages"}],"about":[{"href":"https:\/\/2019.transeuropafestival.eu\/it\/wp-json\/wp\/v2\/types\/page"}],"author":[{"embeddable":true,"href":"https:\/\/2019.transeuropafestival.eu\/it\/wp-json\/wp\/v2\/users\/2"}],"replies":[{"embeddable":true,"href":"https:\/\/2019.transeuropafestival.eu\/it\/wp-json\/wp\/v2\/comments?post=8888"}],"version-history":[{"count":5,"href":"https:\/\/2019.transeuropafestival.eu\/it\/wp-json\/wp\/v2\/pages\/8888\/revisions"}],"predecessor-version":[{"id":9871,"href":"https:\/\/2019.transeuropafestival.eu\/it\/wp-json\/wp\/v2\/pages\/8888\/revisions\/9871"}],"wp:attachment":[{"href":"https:\/\/2019.transeuropafestival.eu\/it\/wp-json\/wp\/v2\/media?parent=8888"}],"curies":[{"name":"wp","href":"https:\/\/api.w.org\/{rel}","templated":true}]}}