{"id":9037,"date":"2019-10-10T14:50:59","date_gmt":"2019-10-10T14:50:59","guid":{"rendered":"https:\/\/2019.transeuropafestival.eu\/no-sea-palermo-ecomuseo\/"},"modified":"2019-11-01T15:19:33","modified_gmt":"2019-11-01T15:19:33","slug":"no-sea-palermo-ecomuseo","status":"publish","type":"page","link":"https:\/\/2019.transeuropafestival.eu\/it\/no-sea-palermo-ecomuseo\/","title":{"rendered":"\u201cTHERE IS (NO) SEA IN PALERMO\u201d By Ecomuseo Mare Memoria Viva"},"content":{"rendered":"<div id='eventheader'  class='avia-section main_color avia-section-huge avia-no-border-styling  avia-full-stretch av-parallax-section av-section-color-overlay-active avia-bg-style-parallax  avia-builder-el-0  el_before_av_section  avia-builder-el-first   container_wrap fullsize' style=' '  data-section-bg-repeat='stretch'><div class='av-parallax' data-avia-parallax-ratio='0.3' ><div class='av-parallax-inner main_color  avia-full-stretch' style = 'background-repeat: no-repeat; background-image: url(https:\/\/2019.transeuropafestival.eu\/wp-content\/uploads\/2019\/10\/DSCF0589.jpg);background-attachment: scroll; background-position: center center; ' ><\/div><\/div><div class='av-section-color-overlay-wrap'><div class='av-section-color-overlay' style='opacity: 0.5; background-color: #35383c; '><\/div><div class='container' ><main  role=\"main\" itemprop=\"mainContentOfPage\"  class='template-page content  av-content-full alpha units'><div class='post-entry post-entry-type-page post-entry-9037'><div class='entry-content-wrapper clearfix'>\n<div class=\"flex_column av_one_fifth  flex_column_div av-zero-column-padding first  avia-builder-el-1  el_before_av_three_fifth  avia-builder-el-first  \" style='border-radius:0px; '><\/div><div class=\"flex_column av_three_fifth  flex_column_div av-zero-column-padding   avia-builder-el-2  el_after_av_one_fifth  el_before_av_one_fifth  \" style='border-radius:0px; '><div  style='padding-bottom:19px; color:#ffffff;font-size:40px;' class='av-special-heading av-special-heading-h1 custom-color-heading blockquote modern-quote modern-centered  avia-builder-el-3  avia-builder-el-no-sibling  av-inherit-size '><h1 class='av-special-heading-tag '  itemprop=\"headline\"  ><span class='special_amp'>\u201c<\/span>A PALERMO (NON) C\u2019E IL MARE<span class='special_amp'>\u201d<\/span><\/h1><div class='special-heading-border'><div class='special-heading-inner-border' style='border-color:#ffffff'><\/div><\/div><\/div><\/div><div class=\"flex_column av_one_fifth  flex_column_div av-zero-column-padding   avia-builder-el-4  el_after_av_three_fifth  el_before_av_one_fifth  \" style='border-radius:0px; '><\/div><div class=\"flex_column av_one_fifth  flex_column_div av-zero-column-padding first  avia-builder-el-5  el_after_av_one_fifth  el_before_av_three_fifth  column-top-margin\" style='border-radius:0px; '><\/div><div class=\"flex_column av_three_fifth  flex_column_div av-zero-column-padding   avia-builder-el-6  el_after_av_one_fifth  el_before_av_one_fifth  column-top-margin\" style='border-radius:0px; '><p><article  class=\"iconbox iconbox_left    avia-builder-el-7  el_before_av_icon_box  avia-builder-el-first  \"  itemscope=\"itemscope\" itemtype=\"https:\/\/schema.org\/CreativeWork\" ><div class=\"iconbox_content\"><header class=\"entry-content-header\"><div class=\"iconbox_icon heading-color\" aria-hidden='true' data-av_icon='\ue842' data-av_iconfont='entypo-fontello'  style='background-color:#ffffff; color:#000000; ' ><\/div><h3 class='iconbox_content_title  '  itemprop=\"headline\"   style='color:#ffffff; '>Ecomuseo Mare Memoria Viva<\/h3><\/header><div class='iconbox_content_container av_inherit_color '  itemprop=\"text\"   style='color:#ffffff; '><\/div><\/div><footer class=\"entry-footer\"><\/footer><\/article><br \/>\n<article  class=\"iconbox iconbox_left    avia-builder-el-8  el_after_av_icon_box  avia-builder-el-last  \"  itemscope=\"itemscope\" itemtype=\"https:\/\/schema.org\/CreativeWork\" ><div class=\"iconbox_content\"><header class=\"entry-content-header\"><div class=\"iconbox_icon heading-color\" aria-hidden='true' data-av_icon='\ue862' data-av_iconfont='entypo-fontello'  style='background-color:#ffffff; color:#000000; ' ><\/div><h3 class='iconbox_content_title  '  itemprop=\"headline\"   style='color:#ffffff; '>10 novembre - 11am<\/h3><\/header><div class='iconbox_content_container av_inherit_color '  itemprop=\"text\"   style='color:#ffffff; '><\/div><\/div><footer class=\"entry-footer\"><\/footer><\/article><\/p><\/div><div class=\"flex_column av_one_fifth  flex_column_div av-zero-column-padding   avia-builder-el-9  el_after_av_three_fifth  avia-builder-el-last  column-top-margin\" style='border-radius:0px; '><\/div><\/div><\/div><\/main><!-- close content main element --><\/div><\/div><\/div><div id='av_section_2'  class='avia-section main_color avia-section-small avia-no-border-styling  avia-bg-style-scroll  avia-builder-el-10  el_after_av_section  avia-builder-el-last   container_wrap fullsize' style=' '  ><div class='container' ><div class='template-page content  av-content-full alpha units'><div class='post-entry post-entry-type-page post-entry-9037'><div class='entry-content-wrapper clearfix'>\n<div class=\"flex_column av_one_fifth  flex_column_div av-zero-column-padding first  avia-builder-el-11  el_before_av_three_fifth  avia-builder-el-first  \" style='border-radius:0px; '><\/div><div class=\"flex_column av_three_fifth  flex_column_div av-zero-column-padding   avia-builder-el-12  el_after_av_one_fifth  el_before_av_one_fifth  \" style='border-radius:0px; '><section class=\"av_textblock_section \"  itemscope=\"itemscope\" itemtype=\"https:\/\/schema.org\/CreativeWork\" ><div class='avia_textblock  '   itemprop=\"text\" ><p>L\u2019ecomuseo Mare Memoria Viva apre a Palermo nel febbraio del 2014 con il sostegno della Fondazione con il Sud e in partnership con l\u2019Assessorato alla Cultura del Comune di Palermo &#8211; Servizio Musei e Spazi Espositivi da cui tuttora dipende.<\/p>\n<p>E&#8217; un museo collettivo multimediale curato dall\u2019associazione Mare Memoria Viva che racconta storie di luoghi e persone delle borgate marinare di Palermo puntando sulla potenza della narrazione e la poesia delle immagini. E\u2019 un museo corale e partecipativo, un archivio di pubblic history e uno spazio di sperimentazione educativa e artistica sul tema della citt\u00e0.<\/p>\n<p>Il mare a Palermo \u00e8 diventato periferia. La storia del fronte mare di Palermo \u00e8 la storia del Sacco edilizio che ha cambiato irrimediabilmente il volto della citt\u00e0 e la fruizione del mare, \u00e8 una storia di cementificazione e ingerenze mafiose ma anche di progetti e possibilit\u00e0 di cambiamento.<\/p>\n<p>All\u2019ecomuseo attraverso l\u2019esperienza di visita e le attivit\u00e0 laboratoriali si sviluppa senso critico sulle trasformazioni urbanistiche e sociali della citt\u00e0, sul valore dei beni comuni e della partecipazione civica.<\/p>\n<p>La sede dell\u2019ecomuseo \u00e8 l\u2019<strong>Ex Deposito Locomotive di Sant\u2019Erasmo\u00a0<\/strong>in via Messina Marine n. 20, nella costa sud della citt\u00e0, in un bellissimo esempio di architettura di fine \u2018800 situato accanto la foce del fiume Oreto.<\/p>\n<p>Un ecomuseo \u00e8 un museo \u201cdifferente\u201d che mette al centro della sua azione il rapporto con il territorio, la partecipazione delle comunit\u00e0, il welfare e lo sviluppo locale sostenibile.<\/p>\n<p>La definizione che Mare Memoria Viva (MMV) predilige \u00e8 quella di Hugues De Varine \u201c un patto tra cittadini che decidono di prendersi cura di un territorio\u201d. A MMV piace molto questo essere \u201ccuratori di luoghi\u201d perch\u00e8 la cura \u00e8 il necessario nutrimento dei processi di cambiamento sociale. E\u2019 una questione che l\u2019ecomuseo ha definito con un neologismo \u201cgiustizia geografica o spaziale\u201d particolarmente utile per operare nella costa sud-est di Palermo, dove l\u2019ecomuseo \u00e8 ubicato, poich\u00e9 questa parte della citt\u00e0 ha bisogno di ricostruire la propria identit\u00e0 e chiede riconoscimento e dignit\u00e0 dopo lo scempio edilizio e l\u2019inquinamento del cosiddetto \u201csacco di Palermo\u201d.<\/p>\n<p>Pone dunque alcune domande importanti ai propri fruitori:\u00a0\u00a0<strong>Come formare giovani cittadini consapevoli e impegnati a trasformare in meglio il proprio territorio?\u00a0<\/strong>Cosa vuol dire oggi fare\/essere comunit\u00e0? Cosa vuol dire essere cittadini?\u00a0 Perch\u00e8 Palermo e il suo waterfront sono feriti cos\u00ec come li conosciamo oggi? A cosa servono le narrazioni e come i nuovi linguaggi stanno cambiando la nostra capacit\u00e0 di rappresentare il passato, il presente e il futuro?<\/p>\n<p>L\u2019ecomuseo propone attivit\u00e0 di educazione non formale, esplorazioni urbane, workshops, mostre, conferenze e incontri pubblici su temi di interesse collettivo: cittadinanza, arte, migrazioni, ambiente, placemaking. Ci piace chiamarla \u201crigenerazione umana\u201d.<\/p>\n<\/div><\/section><\/div><div class=\"flex_column av_one_fifth  flex_column_div av-zero-column-padding   avia-builder-el-14  el_after_av_three_fifth  avia-builder-el-last  \" style='border-radius:0px; '><\/div>\n<\/p>\n","protected":false},"excerpt":{"rendered":"","protected":false},"author":2,"featured_media":0,"parent":0,"menu_order":0,"comment_status":"closed","ping_status":"closed","template":"","meta":{"footnotes":""},"class_list":["post-9037","page","type-page","status-publish","hentry"],"_links":{"self":[{"href":"https:\/\/2019.transeuropafestival.eu\/it\/wp-json\/wp\/v2\/pages\/9037","targetHints":{"allow":["GET"]}}],"collection":[{"href":"https:\/\/2019.transeuropafestival.eu\/it\/wp-json\/wp\/v2\/pages"}],"about":[{"href":"https:\/\/2019.transeuropafestival.eu\/it\/wp-json\/wp\/v2\/types\/page"}],"author":[{"embeddable":true,"href":"https:\/\/2019.transeuropafestival.eu\/it\/wp-json\/wp\/v2\/users\/2"}],"replies":[{"embeddable":true,"href":"https:\/\/2019.transeuropafestival.eu\/it\/wp-json\/wp\/v2\/comments?post=9037"}],"version-history":[{"count":4,"href":"https:\/\/2019.transeuropafestival.eu\/it\/wp-json\/wp\/v2\/pages\/9037\/revisions"}],"predecessor-version":[{"id":9630,"href":"https:\/\/2019.transeuropafestival.eu\/it\/wp-json\/wp\/v2\/pages\/9037\/revisions\/9630"}],"wp:attachment":[{"href":"https:\/\/2019.transeuropafestival.eu\/it\/wp-json\/wp\/v2\/media?parent=9037"}],"curies":[{"name":"wp","href":"https:\/\/api.w.org\/{rel}","templated":true}]}}