{"id":9124,"date":"2019-10-11T13:53:44","date_gmt":"2019-10-11T13:53:44","guid":{"rendered":"https:\/\/2019.transeuropafestival.eu\/exhibitions-2\/"},"modified":"2019-11-14T14:16:52","modified_gmt":"2019-11-14T14:16:52","slug":"exhibitions-2","status":"publish","type":"page","link":"https:\/\/2019.transeuropafestival.eu\/it\/exhibitions-2\/","title":{"rendered":"EXHIBITIONS"},"content":{"rendered":"<div id='eventheader'  class='avia-section main_color avia-section-huge avia-no-border-styling  avia-full-stretch av-parallax-section av-section-color-overlay-active avia-bg-style-parallax  avia-builder-el-0  el_before_av_section  avia-builder-el-first   container_wrap fullsize' style=' '  data-section-bg-repeat='stretch'><div class='av-parallax' data-avia-parallax-ratio='0.3' ><div class='av-parallax-inner main_color  avia-full-stretch' style = 'background-repeat: no-repeat; background-image: url(https:\/\/2019.transeuropafestival.eu\/wp-content\/uploads\/2019\/10\/Tentacles-foto-orizzontrale.jpg);background-attachment: scroll; background-position: center center; ' ><\/div><\/div><div class='av-section-color-overlay-wrap'><div class='av-section-color-overlay' style='opacity: 0.5; background-color: #35383c; '><\/div><div class='container' ><main  role=\"main\" itemprop=\"mainContentOfPage\"  class='template-page content  av-content-full alpha units'><div class='post-entry post-entry-type-page post-entry-9124'><div class='entry-content-wrapper clearfix'>\n<div class=\"flex_column av_one_fifth  flex_column_div av-zero-column-padding first  avia-builder-el-1  el_before_av_three_fifth  avia-builder-el-first  \" style='border-radius:0px; '><\/div><div class=\"flex_column av_three_fifth  flex_column_div av-zero-column-padding   avia-builder-el-2  el_after_av_one_fifth  el_before_av_one_fifth  \" style='border-radius:0px; '><div  style='padding-bottom:19px; color:#ffffff;font-size:40px;' class='av-special-heading av-special-heading-h1 custom-color-heading blockquote modern-quote modern-centered  avia-builder-el-3  avia-builder-el-no-sibling  av-inherit-size '><h1 class='av-special-heading-tag '  itemprop=\"headline\"  >MOSTRE <\/h1><div class='special-heading-border'><div class='special-heading-inner-border' style='border-color:#ffffff'><\/div><\/div><\/div><\/div><div class=\"flex_column av_one_fifth  flex_column_div av-zero-column-padding   avia-builder-el-4  el_after_av_three_fifth  avia-builder-el-last  \" style='border-radius:0px; '><\/div>\n\n<\/div><\/div><\/main><!-- close content main element --><\/div><\/div><\/div><div id='av_section_2'  class='avia-section main_color avia-section-small avia-no-border-styling  avia-bg-style-scroll  avia-builder-el-5  el_after_av_section  avia-builder-el-last   container_wrap fullsize' style=' '  ><div class='container' ><div class='template-page content  av-content-full alpha units'><div class='post-entry post-entry-type-page post-entry-9124'><div class='entry-content-wrapper clearfix'>\n<div class=\"flex_column av_one_fifth  flex_column_div av-zero-column-padding first  avia-builder-el-6  el_before_av_three_fifth  avia-builder-el-first  \" style='border-radius:0px; '><\/div><div class=\"flex_column av_three_fifth  flex_column_div av-zero-column-padding   avia-builder-el-7  el_after_av_one_fifth  el_before_av_one_fifth  \" style='border-radius:0px; '><section class=\"av_textblock_section \"  itemscope=\"itemscope\" itemtype=\"https:\/\/schema.org\/CreativeWork\" ><div class='avia_textblock  '   itemprop=\"text\" ><h3><span class=\"tlid-translation translation\" lang=\"it\"><strong><span style=\"color: #000000;\">NEW UNIONS | 6 novembre \u2013 8 dicembre<\/span><br \/>\n<\/strong><\/span><\/h3>\n<p><span style=\"font-weight: 400;\">New Unions \u00e8 una campagna artistica e politica lanciata dall\u2019artista Jonas Staal nel 2016. La mostra site-specific, sviluppata appositamente per Palermo, trasformer\u00e0 il Teatro Garibaldi in un grande spazio assembleare. Un ampio tappeto mapper\u00e0 partiti e piattaforme progressiste di tutto il continente, opere video racconteranno di parlamenti alternativi costruiti in stadi e su piattaforme petrolifere, mentre bandiere nazionali verranno decostruite diventando simboli paneuropei e grandi stelle costruttiviste emergeranno dal pavimento. Lo spazio ospiter\u00e0\u00a0 anche dibattiti e incontri. Il progetto di Staal trasforma il teatro in una campagna per l\u2019immaginazione politica.<\/span><\/p>\n<p><a class=\"aligncenter\" href=\"https:\/\/2019.transeuropafestival.eu\/it\/new-unions\/\"><img loading=\"lazy\" decoding=\"async\" class=\"wp-image-8018 aligncenter\" src=\"https:\/\/2019.transeuropafestival.eu\/wp-content\/uploads\/2019\/07\/read-more-button-1.png\" alt=\"\" width=\"133\" height=\"53\" \/><\/a><\/p>\n<hr \/>\n<h3><span style=\"color: #000000;\"><strong>N38E13 \u2013 TENTACLES IN SICILY \/ SCRATCHING THE SURFACE di KG AUGENSTERN | 6-17 novembre<\/strong><\/span><\/h3>\n<p class=\"p1\"><span style=\"font-weight: 400;\">Il duo berlinese Kg Augenstern esplora luoghi siciliani abbandonati, intesi come spazi di trasformazione del paesaggio, graffiandone la superficie con dei \u201cTentacoli\u201d (dispositivi allungabili in fibra di vetro) che ne rilevano il suono specifico. La ricerca indaga l\u2019esistenza e i confini in posti dove la storia ha determinato una trasformazione nell\u2019equilibrio tra presenza e assenza dell\u2019uomo. L\u2019opera, presentata in forma di installazione audiovisiva, \u00e8 a cura di N38E13 e realizzata in collaborazione con il Goethe-Institut Palermo e con l\u2019Institut Fran\u00e7ais di Palermo.<\/span><\/p>\n<p><a class=\"aligncenter\" href=\"https:\/\/2019.transeuropafestival.eu\/it\/n38e13-tentacles\/\"><img loading=\"lazy\" decoding=\"async\" class=\"aligncenter wp-image-8018\" src=\"https:\/\/2019.transeuropafestival.eu\/wp-content\/uploads\/2019\/07\/read-more-button-1.png\" alt=\"\" width=\"125\" height=\"50\" \/><\/a><\/p>\n<hr \/>\n<h3><span class=\"tlid-translation translation\" lang=\"it\"><strong><span style=\"color: #000000;\">TRANSHUMANCE: ALBERTO AMORETTI E GIOVANNI HANNINEN | 6 novembre \u2013 8 dicembre<\/span><br \/>\n<\/strong><\/span><\/h3>\n<p><span style=\"font-weight: 400;\">La prima edizione di <\/span><i><span style=\"font-weight: 400;\">Transhumance<\/span><\/i><span style=\"font-weight: 400;\"> a cura di Izabela Anna Moren inaugura presentando il doppio progetto <\/span><i><span style=\"font-weight: 400;\">People of Tamba<\/span><\/i><span style=\"font-weight: 400;\"> e <\/span><i><span style=\"font-weight: 400;\">Senegal\/Sicily<\/span><\/i><span style=\"font-weight: 400;\">. Giovanni H\u00e4nninen attraverso 200 fotografie costruisce un catalogo tipologico della societ\u00e0 di Tambacounda, citt\u00e0 punto di partenza della maggior parte delle migrazioni senegalesi e situata in una delle regioni pi\u00f9 povere e rurali del paese. Il documentario <\/span><i><span style=\"font-weight: 400;\">Senegal\/Sicily<\/span><\/i><span style=\"font-weight: 400;\"> creato da Alberto Amoretti e Giovanni H\u00e4nninen parla dei rischi del viaggio e di ci\u00f2 che sta accadendo in Europa a chi \u00e8 riuscito ad arrivare. I due progetti creano un dialogo fra ci\u00f2&#8217; che era la vita prima e dopo l\u2019esperienza della migrazione.<\/span><\/p>\n<p><a class=\"aligncenter\" href=\"https:\/\/2019.transeuropafestival.eu\/it\/transhumance\/\"><img loading=\"lazy\" decoding=\"async\" class=\"aligncenter wp-image-8018\" src=\"https:\/\/2019.transeuropafestival.eu\/wp-content\/uploads\/2019\/07\/read-more-button-1.png\" alt=\"\" width=\"125\" height=\"50\" \/><\/a><\/p>\n<\/div><\/section><\/div><div class=\"flex_column av_one_fifth  flex_column_div av-zero-column-padding   avia-builder-el-9  el_after_av_three_fifth  avia-builder-el-last  \" style='border-radius:0px; '><\/div>\n","protected":false},"excerpt":{"rendered":"","protected":false},"author":2,"featured_media":0,"parent":0,"menu_order":0,"comment_status":"closed","ping_status":"closed","template":"","meta":{"footnotes":""},"class_list":["post-9124","page","type-page","status-publish","hentry"],"_links":{"self":[{"href":"https:\/\/2019.transeuropafestival.eu\/it\/wp-json\/wp\/v2\/pages\/9124","targetHints":{"allow":["GET"]}}],"collection":[{"href":"https:\/\/2019.transeuropafestival.eu\/it\/wp-json\/wp\/v2\/pages"}],"about":[{"href":"https:\/\/2019.transeuropafestival.eu\/it\/wp-json\/wp\/v2\/types\/page"}],"author":[{"embeddable":true,"href":"https:\/\/2019.transeuropafestival.eu\/it\/wp-json\/wp\/v2\/users\/2"}],"replies":[{"embeddable":true,"href":"https:\/\/2019.transeuropafestival.eu\/it\/wp-json\/wp\/v2\/comments?post=9124"}],"version-history":[{"count":6,"href":"https:\/\/2019.transeuropafestival.eu\/it\/wp-json\/wp\/v2\/pages\/9124\/revisions"}],"predecessor-version":[{"id":9835,"href":"https:\/\/2019.transeuropafestival.eu\/it\/wp-json\/wp\/v2\/pages\/9124\/revisions\/9835"}],"wp:attachment":[{"href":"https:\/\/2019.transeuropafestival.eu\/it\/wp-json\/wp\/v2\/media?parent=9124"}],"curies":[{"name":"wp","href":"https:\/\/api.w.org\/{rel}","templated":true}]}}