{"id":9130,"date":"2019-10-11T14:01:39","date_gmt":"2019-10-11T14:01:39","guid":{"rendered":"https:\/\/2019.transeuropafestival.eu\/conferences-2\/"},"modified":"2019-11-01T17:29:36","modified_gmt":"2019-11-01T17:29:36","slug":"conferences-2","status":"publish","type":"page","link":"https:\/\/2019.transeuropafestival.eu\/it\/conferences-2\/","title":{"rendered":"PAROLA"},"content":{"rendered":"<div id='eventheader'  class='avia-section main_color avia-section-huge avia-no-border-styling  avia-full-stretch av-parallax-section av-section-color-overlay-active avia-bg-style-parallax  avia-builder-el-0  el_before_av_section  avia-builder-el-first   container_wrap fullsize' style=' '  data-section-bg-repeat='stretch'><div class='av-parallax' data-avia-parallax-ratio='0.3' ><div class='av-parallax-inner main_color  avia-full-stretch' style = 'background-repeat: no-repeat; background-image: url(https:\/\/2019.transeuropafestival.eu\/wp-content\/uploads\/2019\/07\/44757863391_469e481327_k-1.jpg);background-attachment: scroll; background-position: center center; ' ><\/div><\/div><div class='av-section-color-overlay-wrap'><div class='av-section-color-overlay' style='opacity: 0.5; background-color: #35383c; '><\/div><div class='container' ><main  role=\"main\" itemprop=\"mainContentOfPage\"  class='template-page content  av-content-full alpha units'><div class='post-entry post-entry-type-page post-entry-9130'><div class='entry-content-wrapper clearfix'>\n<div class=\"flex_column av_one_fifth  flex_column_div av-zero-column-padding first  avia-builder-el-1  el_before_av_three_fifth  avia-builder-el-first  \" style='border-radius:0px; '><\/div><div class=\"flex_column av_three_fifth  flex_column_div av-zero-column-padding   avia-builder-el-2  el_after_av_one_fifth  el_before_av_one_fifth  \" style='border-radius:0px; '><div  style='padding-bottom:19px; color:#ffffff;font-size:40px;' class='av-special-heading av-special-heading-h1 custom-color-heading blockquote modern-quote modern-centered  avia-builder-el-3  avia-builder-el-no-sibling  av-inherit-size '><h1 class='av-special-heading-tag '  itemprop=\"headline\"  >PAROLA<\/h1><div class='special-heading-border'><div class='special-heading-inner-border' style='border-color:#ffffff'><\/div><\/div><\/div><\/div><div class=\"flex_column av_one_fifth  flex_column_div av-zero-column-padding   avia-builder-el-4  el_after_av_three_fifth  avia-builder-el-last  \" style='border-radius:0px; '><\/div>\n\n<\/div><\/div><\/main><!-- close content main element --><\/div><\/div><\/div><div id='av_section_2'  class='avia-section main_color avia-section-small avia-no-border-styling  avia-bg-style-scroll  avia-builder-el-5  el_after_av_section  avia-builder-el-last   container_wrap fullsize' style=' '  ><div class='container' ><div class='template-page content  av-content-full alpha units'><div class='post-entry post-entry-type-page post-entry-9130'><div class='entry-content-wrapper clearfix'>\n<div class=\"flex_column av_one_fifth  flex_column_div av-zero-column-padding first  avia-builder-el-6  el_before_av_three_fifth  avia-builder-el-first  \" style='border-radius:0px; '><\/div><div class=\"flex_column av_three_fifth  flex_column_div av-zero-column-padding   avia-builder-el-7  el_after_av_one_fifth  el_before_av_one_fifth  \" style='border-radius:0px; '><section class=\"av_textblock_section \"  itemscope=\"itemscope\" itemtype=\"https:\/\/schema.org\/CreativeWork\" ><div class='avia_textblock  '   itemprop=\"text\" ><h3><span style=\"color: #000000;\"><strong>NEW UNIONS: CONNECTING PERIPHERIES<\/strong><\/span><span class=\"tlid-translation translation\" lang=\"it\"><strong><span style=\"color: #000000;\"> | 7 novembre <em>| h. 18.00 Teatro Garibaldi<\/em><\/span><br \/>\n<\/strong><\/span><\/h3>\n<p><span style=\"font-weight: 400;\">Nazionalismo, emigrazione e xenofobia. Volont\u00e0 di riscatto, alterit\u00e0 e accoglienza. Cosa collega la Sicilia con la Polonia e l&#8217;Ucraina? Questo simposio internazionale organizzato in collaborazione con la Biennale di Varsavia e la Biennale di Kiev traccer\u00e0 le rifrazioni e le unioni possibili tra la periferia meridionale ed orientale dell\u2019Europa. L\u2019incontro, che marcher\u00e0 l\u2019apertura della mostra New Unions, sar\u00e0 preceduto da <\/span><i><span style=\"font-weight: 400;\">Orexis<\/span><\/i><span style=\"font-weight: 400;\">, una performance di musica e danza contemporanea. <\/span><br \/>\n<a class=\"aligncenter\" href=\"https:\/\/2019.transeuropafestival.eu\/it\/frontex\/\"><img loading=\"lazy\" decoding=\"async\" class=\"aligncenter wp-image-8018\" src=\"https:\/\/2019.transeuropafestival.eu\/wp-content\/uploads\/2019\/07\/read-more-button-1.png\" alt=\"\" width=\"133\" height=\"53\" \/><\/a><\/p>\n<h3><\/h3>\n<hr \/>\n<h3><strong><span style=\"color: #000000;\">LASER NOMAD | 7 novembre <\/span><\/strong><span class=\"tlid-translation translation\" lang=\"it\"><strong><span style=\"color: #000000;\"><em>| h. 14.00 Universit\u00e0 di Palermo<\/em><\/span><\/strong><\/span><\/h3>\n<p><span style=\"font-weight: 400;\">L&#8217;obiettivo di Laser Nomad, a cura del compositore svizzero Luca Forcucci, \u00e8 quello di sviluppare discussioni, seminari, festival, conferenze e interviste tra artisti e scienziati al fine di creare un laboratorio permanente globale per condividere e decolonizzare le conoscenze. A Palermo, Laser Nomad esplora <\/span><i><span style=\"font-weight: 400;\">Coscienza, rappresentazione e incarnazione <\/span><\/i><span style=\"font-weight: 400;\">con il contributo\u00a0 dell&#8217;Universit\u00e0 di Palermo.<\/span><\/p>\n<p><a class=\"aligncenter\" href=\"https:\/\/www.facebook.com\/events\/2400754423345102\/\"><img loading=\"lazy\" decoding=\"async\" class=\"aligncenter wp-image-8018\" src=\"https:\/\/2019.transeuropafestival.eu\/wp-content\/uploads\/2019\/07\/read-more-button-1.png\" alt=\"\" width=\"125\" height=\"50\" \/><\/a><\/p>\n<hr \/>\n<h3><span class=\"tlid-translation translation\" lang=\"it\"><strong><span style=\"color: #000000;\">CONGRESSO INTERNAZIONALE: EUROPE FOR THE MANY | 8 novembre<\/span><\/strong><\/span><span class=\"tlid-translation translation\" lang=\"it\"><strong><span style=\"color: #000000;\"><em>| h. 09.00 Palazzo Chiaramonte-Steri<\/em><\/span><\/strong><\/span><\/h3>\n<p><span style=\"font-weight: 400;\">Che cosa significa \u201cGreen New Deal\u201d? La seconda conferenza <\/span><i><span style=\"font-weight: 400;\">Europe for the Many<\/span><\/i><span style=\"font-weight: 400;\"> mira a delineare una visione e una strategia per la trasformazione democratica dell&#8217;Europa in senso ecologico e sociale. Questo importante appuntamento internazionale riunir\u00e0 attivisti, politici e intellettuali di tutto il mondo e seguir\u00e0 alcune delle linee di faglia della nuova geografia politica europea. Organizzato da <\/span><span style=\"font-weight: 400;\">European Alternatives, Europe&#8217;s Future&#8217;s Program of IWM, ERSTE Foundation, London School of Economics, Green European Journal, Another Europe is Possible, Universit\u00e0 di Palermo. <\/span><\/p>\n<h3><span class=\"tlid-translation translation\" lang=\"it\"><a class=\"aligncenter\" href=\"https:\/\/2019.transeuropafestival.eu\/it\/europe-for-the-many\/\"><img loading=\"lazy\" decoding=\"async\" class=\"aligncenter wp-image-8018\" src=\"https:\/\/2019.transeuropafestival.eu\/wp-content\/uploads\/2019\/07\/read-more-button-1.png\" alt=\"\" width=\"133\" height=\"53\" \/><\/a><\/span><\/h3>\n<hr \/>\n<h3><span class=\"tlid-translation translation\" lang=\"it\"><strong><span style=\"color: #000000;\">APERITIVO LETTERARIO 1: VISIONI PER L\u2019EUROPA | 8 novembre | <em>h. 18.00 Palazzo Chiaramonte-Steri<\/em><\/span><br \/>\n<\/strong><\/span><\/h3>\n<p><span style=\"font-weight: 400;\">Cosa significa Green New Deal e come pu\u00f2 rappresentare una nuova visione per l\u2019Europa? Ne parliamo in questo incontro con gli autori di tre libri sul tema. <\/span><br \/>\n<span class=\"tlid-translation translation\" lang=\"it\"><a class=\"aligncenter\" href=\"https:\/\/2019.transeuropafestival.eu\/it\/vision-for-europe\/\"><img loading=\"lazy\" decoding=\"async\" class=\"aligncenter wp-image-8018\" src=\"https:\/\/2019.transeuropafestival.eu\/wp-content\/uploads\/2019\/07\/read-more-button-1.png\" alt=\"\" width=\"133\" height=\"53\" \/><\/a><\/span><\/p>\n<hr \/>\n<h3><strong><span style=\"color: #000000;\">L&#8217;ANNO DELLA MOSCA | 9 November | <b><i><\/i><\/b><\/span><\/strong><strong><span style=\"color: #000000;\"><b><i>h.16.00 Teatro Garibaldi<\/i><\/b><\/span><\/strong><b><i><\/i><\/b><\/h3>\n<p><span style=\"font-weight: 400;\">Negli anni sessanta la popolazione di Baghdad venne infettata dal tracoma, una grave affezione oculare trasmessa dalle mosche. La narrazione del poeta e artista iracheno Yousif Latif Jaralla racconta il tentativo disperato di una madre di salvare il proprio figlio, fino a scoprire un mondo di guaritori, storie e favole, dove realt\u00e0 e immaginazione si intrecciano in una dimensione intima e catartica. La performance \u00e8 curata da KAD, un network di artisti, curatori e operatori culturali. Con un programma di promozione, mobilit\u00e0 e curatela di arte contemporanea, realizza un\u2019offerta culturale integrata, genera economie di scala valorizzando aspetti logistici e organizzativi, coinvolgendo e coadiuvando gli operatori culturali e gli spazi di produzione e ricerca artistica locale e internazionale all\u2019interno di uno scambio di patrimoni, ricerche, saperi e best practices. KAD promuove per Transeuropa Festival un ciclo di mostre, talk e performance.<\/span><\/p>\n<p><a class=\"aligncenter\" href=\"https:\/\/www.facebook.com\/events\/714846995656413\/\"><img loading=\"lazy\" decoding=\"async\" class=\"aligncenter wp-image-8018\" src=\"https:\/\/2019.transeuropafestival.eu\/wp-content\/uploads\/2019\/07\/read-more-button-1.png\" alt=\"\" width=\"125\" height=\"50\" \/><\/a><\/p>\n<hr \/>\n<h3><span style=\"color: #000000;\"><strong>ARTE E TECNOLOGIA PER LE NARRAZIONI DEL FUTURO | 9\u00a0<\/strong><strong>novembre<\/strong><\/span><span class=\"tlid-translation translation\" lang=\"it\"><strong><span style=\"color: #000000;\">| <em>h. 17.00 Teatro Garibaldi<\/em><\/span><\/strong><\/span><\/h3>\n<p><span style=\"font-weight: 400;\">In che modo arte e tecnologia possono cambiare la narrativa sulla migrazione? In collaborazione con il collettivo We Are Europe, portiamo al Teatro Garibaldi una discussione con artisti ed esperti internazionali attivi nel mondo del teatro, dell\u2019arte contemporanea e della comunicazione.<\/span><\/p>\n<h5><a class=\"aligncenter\" href=\"https:\/\/2019.transeuropafestival.eu\/it\/art-technology-narratives\/\"><img loading=\"lazy\" decoding=\"async\" class=\"aligncenter wp-image-8014\" src=\"https:\/\/2019.transeuropafestival.eu\/wp-content\/uploads\/2019\/07\/read-more-button.png\" alt=\"\" width=\"125\" height=\"50\" \/><\/a><\/h5>\n<hr \/>\n<h3><span class=\"tlid-translation translation\" lang=\"it\"><strong><span style=\"color: #000000;\">APERITIVO LETTERARIO 2: VISIONI DAL FUTURO | 9 novembre | <em>h. 19.00 Teatro Garibaldi<\/em><\/span><br \/>\n<\/strong><\/span><\/h3>\n<p>Un incontro con autori specializzati in fantascienza politica. Con You Mi, Giuseppe Porcaro e Federica Baiocchi.<\/p>\n<h5><a class=\"aligncenter\" href=\"https:\/\/www.facebook.com\/events\/399615384040049\/\"><img loading=\"lazy\" decoding=\"async\" class=\"aligncenter wp-image-8014\" src=\"https:\/\/2019.transeuropafestival.eu\/wp-content\/uploads\/2019\/07\/read-more-button.png\" alt=\"\" width=\"125\" height=\"50\" \/><\/a><\/h5>\n<hr \/>\n<h3><span style=\"color: #000000;\"><strong>TRANSEUROPA CARAVANS: VERSO UN GIORNALISMO TRANSNAZIONALE | 9\u00a0<\/strong><strong>novembre<\/strong><\/span><span class=\"tlid-translation translation\" lang=\"it\"><strong><span style=\"color: #000000;\">| <em>h. 15.30 Cre.Zi.Plus<\/em><\/span><\/strong><\/span><\/h3>\n<p><span style=\"font-weight: 400;\">Poche settimane prima delle elezioni europee un gruppo di giovani attivisti ha fatto un viaggio in quindici paesi europei a bordo di cinque carovane visitando luoghi di lotta e resistenza, in difesa dei diritti fondamentali. Insieme a Cafebabel vogliamo fare leva sulle conoscenze acquisite attraverso l&#8217;esperienza di Transeuropa Caravans per riflettere su quali spazi \u00e8 possibile costruire per consentire a una generazione di cittadini attivi, pi\u00f9 connessa e mobile che mai, di far sentire la propria voce oltre ogni confine. Con la partecipazione di Tullio Filippone, giornalista di Repubblica.it<\/span><\/p>\n<h5><a class=\"aligncenter\" href=\"https:\/\/2019.transeuropafestival.eu\/it\/transnational-journalism\/\"><img loading=\"lazy\" decoding=\"async\" class=\"aligncenter wp-image-8014\" src=\"https:\/\/2019.transeuropafestival.eu\/wp-content\/uploads\/2019\/07\/read-more-button.png\" alt=\"\" width=\"125\" height=\"50\" \/><\/a><\/h5>\n<\/div><\/section><\/div><div class=\"flex_column av_one_fifth  flex_column_div av-zero-column-padding   avia-builder-el-9  el_after_av_three_fifth  avia-builder-el-last  \" style='border-radius:0px; '><\/div>\n","protected":false},"excerpt":{"rendered":"","protected":false},"author":2,"featured_media":0,"parent":0,"menu_order":0,"comment_status":"closed","ping_status":"closed","template":"","meta":{"footnotes":""},"class_list":["post-9130","page","type-page","status-publish","hentry"],"_links":{"self":[{"href":"https:\/\/2019.transeuropafestival.eu\/it\/wp-json\/wp\/v2\/pages\/9130","targetHints":{"allow":["GET"]}}],"collection":[{"href":"https:\/\/2019.transeuropafestival.eu\/it\/wp-json\/wp\/v2\/pages"}],"about":[{"href":"https:\/\/2019.transeuropafestival.eu\/it\/wp-json\/wp\/v2\/types\/page"}],"author":[{"embeddable":true,"href":"https:\/\/2019.transeuropafestival.eu\/it\/wp-json\/wp\/v2\/users\/2"}],"replies":[{"embeddable":true,"href":"https:\/\/2019.transeuropafestival.eu\/it\/wp-json\/wp\/v2\/comments?post=9130"}],"version-history":[{"count":12,"href":"https:\/\/2019.transeuropafestival.eu\/it\/wp-json\/wp\/v2\/pages\/9130\/revisions"}],"predecessor-version":[{"id":9662,"href":"https:\/\/2019.transeuropafestival.eu\/it\/wp-json\/wp\/v2\/pages\/9130\/revisions\/9662"}],"wp:attachment":[{"href":"https:\/\/2019.transeuropafestival.eu\/it\/wp-json\/wp\/v2\/media?parent=9130"}],"curies":[{"name":"wp","href":"https:\/\/api.w.org\/{rel}","templated":true}]}}