{"id":9588,"date":"2019-10-29T18:32:46","date_gmt":"2019-10-29T18:32:46","guid":{"rendered":"https:\/\/2019.transeuropafestival.eu\/gravitas\/"},"modified":"2019-10-29T18:39:51","modified_gmt":"2019-10-29T18:39:51","slug":"gravitas","status":"publish","type":"page","link":"https:\/\/2019.transeuropafestival.eu\/it\/gravitas\/","title":{"rendered":"GRAVITAS"},"content":{"rendered":"<div id='eventheader'  class='avia-section main_color avia-section-huge avia-no-border-styling  avia-full-stretch av-parallax-section av-section-color-overlay-active avia-bg-style-parallax  avia-builder-el-0  el_before_av_section  avia-builder-el-first   container_wrap fullsize' style=' '  data-section-bg-repeat='stretch'><div class='av-parallax' data-avia-parallax-ratio='0.3' ><div class='av-parallax-inner main_color  avia-full-stretch' style = 'background-repeat: no-repeat; background-image: url(https:\/\/2019.transeuropafestival.eu\/wp-content\/uploads\/2019\/10\/KAD-concept-comunicatione-1.png);background-attachment: scroll; background-position: center center; ' ><\/div><\/div><div class='av-section-color-overlay-wrap'><div class='av-section-color-overlay' style='opacity: 0.5; background-color: #35383c; '><\/div><div class='container' ><main  role=\"main\" itemprop=\"mainContentOfPage\"  class='template-page content  av-content-full alpha units'><div class='post-entry post-entry-type-page post-entry-9588'><div class='entry-content-wrapper clearfix'>\n<div class=\"flex_column av_one_fifth  flex_column_div av-zero-column-padding first  avia-builder-el-1  el_before_av_three_fifth  avia-builder-el-first  \" style='border-radius:0px; '><\/div><div class=\"flex_column av_three_fifth  flex_column_div av-zero-column-padding   avia-builder-el-2  el_after_av_one_fifth  el_before_av_one_fifth  \" style='border-radius:0px; '><div  style='padding-bottom:19px; color:#ffffff;font-size:40px;' class='av-special-heading av-special-heading-h1 custom-color-heading blockquote modern-quote modern-centered  avia-builder-el-3  avia-builder-el-no-sibling  av-inherit-size '><h1 class='av-special-heading-tag '  itemprop=\"headline\"  >GRAVITAS<\/h1><div class='special-heading-border'><div class='special-heading-inner-border' style='border-color:#ffffff'><\/div><\/div><\/div><\/div><div class=\"flex_column av_one_fifth  flex_column_div av-zero-column-padding   avia-builder-el-4  el_after_av_three_fifth  el_before_av_one_fifth  \" style='border-radius:0px; '><\/div><div class=\"flex_column av_one_fifth  flex_column_div av-zero-column-padding first  avia-builder-el-5  el_after_av_one_fifth  el_before_av_three_fifth  column-top-margin\" style='border-radius:0px; '><\/div><div class=\"flex_column av_three_fifth  flex_column_div av-zero-column-padding   avia-builder-el-6  el_after_av_one_fifth  el_before_av_one_fifth  column-top-margin\" style='border-radius:0px; '><p><article  class=\"iconbox iconbox_left    avia-builder-el-7  el_before_av_icon_box  avia-builder-el-first  \"  itemscope=\"itemscope\" itemtype=\"https:\/\/schema.org\/CreativeWork\" ><div class=\"iconbox_content\"><header class=\"entry-content-header\"><div class=\"iconbox_icon heading-color\" aria-hidden='true' data-av_icon='\ue842' data-av_iconfont='entypo-fontello'  style='background-color:#000000; color:#ffffff; ' ><\/div><h3 class='iconbox_content_title  '  itemprop=\"headline\"   style='color:#000000; '>Teatro Garibaldi<\/h3><\/header><div class='iconbox_content_container av_inherit_color '  itemprop=\"text\"   style='color:#000000; '><\/div><\/div><footer class=\"entry-footer\"><\/footer><\/article><br \/>\n<article  class=\"iconbox iconbox_left    avia-builder-el-8  el_after_av_icon_box  avia-builder-el-last  \"  itemscope=\"itemscope\" itemtype=\"https:\/\/schema.org\/CreativeWork\" ><div class=\"iconbox_content\"><header class=\"entry-content-header\"><div class=\"iconbox_icon heading-color\" aria-hidden='true' data-av_icon='\ue862' data-av_iconfont='entypo-fontello'  style='background-color:#000000; color:#ffffff; ' ><\/div><h3 class='iconbox_content_title  '  itemprop=\"headline\"   style='color:#000000; '>12.11 - 2.12<\/h3><\/header><div class='iconbox_content_container av_inherit_color '  itemprop=\"text\"   style='color:#000000; '><\/div><\/div><footer class=\"entry-footer\"><\/footer><\/article><\/p><\/div><div class=\"flex_column av_one_fifth  flex_column_div av-zero-column-padding   avia-builder-el-9  el_after_av_three_fifth  avia-builder-el-last  column-top-margin\" style='border-radius:0px; '><\/div>\n\n<\/div><\/div><\/main><!-- close content main element --><\/div><\/div><\/div><div id='av_section_2'  class='avia-section main_color avia-section-small avia-no-border-styling  avia-bg-style-scroll  avia-builder-el-10  el_after_av_section  avia-builder-el-last   container_wrap fullsize' style=' '  ><div class='container' ><div class='template-page content  av-content-full alpha units'><div class='post-entry post-entry-type-page post-entry-9588'><div class='entry-content-wrapper clearfix'>\n<div class=\"flex_column av_one_fifth  flex_column_div av-zero-column-padding first  avia-builder-el-11  el_before_av_three_fifth  avia-builder-el-first  \" style='border-radius:0px; '><\/div><div class=\"flex_column av_three_fifth  flex_column_div av-zero-column-padding   avia-builder-el-12  el_after_av_one_fifth  el_before_av_one_fifth  \" style='border-radius:0px; '><section class=\"av_textblock_section \"  itemscope=\"itemscope\" itemtype=\"https:\/\/schema.org\/CreativeWork\" ><div class='avia_textblock  '   itemprop=\"text\" ><p dir=\"ltr\">KAD presenta per BAM\/TRANSEUROPA FESTIVAL, GRAVITAS a cura di Dimora OZ in collaborazione con Spazio Flaccovio.<\/p>\n<p dir=\"ltr\">Con Gravitas, secondo il termine latino, si intende appunto un principio di virt\u00f9 relativo alla dignit\u00e0, seriet\u00e0 e dovere. Cosa significa per un artista la gravitas, quali sono le sue possibili applicazioni, in contesti e produzioni culturali e artistiche? Quali sono i limiti, le dinamiche e i problemi relativamente all\u2019impegno, alla responsabilit\u00e0\u00a0 e al dovere nel campo dell\u2019arte contemporanea? Il laboratorio aprir\u00e0 con quattro talk che sono anche l\u2019aggiornamento delle collaborazioni e sinergie realizzate da Dimora OZ lungo l\u2019ultimo biennio e in particolare durante Manifesta 12. I talk che indagano pratiche, contesti, produzioni e progetti contemporanei ospitati a dialogare sul tappeto di Jonas Staal, allestito appositamente per BAM all\u2019interno del programma di Transeuropa al Teatro Garibaldi. I quattro talk sono presentati in collaborazione con lo Spazio Flaccovio:<\/p>\n<p dir=\"ltr\"><strong>12.11.19 &#8211; 16-18h Teatro Garibaldi. BORDER CROSSING \/ GEOGRAFICO \/ TALK 1#, con Lori Adragna, Andrea Kantos, Pietro Fortuna. <\/strong><\/p>\n<p dir=\"ltr\">Un report e una selezione di video prodotti e promossi dagli spazi indipendenti italiani sul tema del Mediterraneo. Saranno presentati i video di: Elena Bellantoni (AlbumArte), Angelo Bellobono (Atla(s)now), Simone Cametti (Dolomiti Contemporanee), Lek M. Gjeloshi (Art House), Arash Irandoust (Bridge Art), Elena Mazzi (GAP Guilmi), Filippo Riniolo (Casa Sponge), Lucio Viglierchio and Miha Sagadin (ViadellaFucina16),\u00a0 Marc Buchy, Pietro Fortuna, Lior Gal\u00a0 (Geografico\/Chambres \u00e0 air).<\/p>\n<p dir=\"ltr\"><strong>19.11.2029 &#8211; 16-18h Teatro Garibaldi. L&#8217;EREDIT\u00c0 PRESENTE \/ TALK 2# con Egle Oddo.<\/strong><\/p>\n<p dir=\"ltr\">L\u2019artista presenter\u00e0 il progetto L\u2019Eredit\u00e1 Presente, un festival di performance che si terr\u00e1 dal \u00a021 al 24.11 a Palazzo Sambuca. Il festival desidera aprire una riflessione sull\u2019esperienza di ricevere e trasferire la conoscenza. \u00c8 un\u2019occasione per supportare il dialogo tra diverse generazioni che hanno esperienza di grandi cambiamenti paradigmatici a livello storico.<\/p>\n<p dir=\"ltr\"><strong>29.11.11 &#8211; 16-18h Teatro Garibaldi.\u00a0ESERCIZI DI COMUNIT\u00c0 \/ TALK 3#, con Gandolfo Gabriele David. <\/strong><\/p>\n<p dir=\"ltr\">Un talk dove l\u2019artista presenter\u00e0 una selezione di progetti e processi che hanno indagato varie tipologie di comunit\u00e0 (da quella multietnica di Marsiglia fino ai vari laboratori con i centri di accoglienza), comparando situazioni locali, tradizioni e linee di co-creazione artistica.<\/p>\n<p dir=\"ltr\"><strong>2.12.19 &#8211; 16-18h Teatro Garibaldi.\u00a0MANIFESTO DEL FUTURISMO RURALE \/ TALK 4# con Leandro Pisano. <\/strong><\/p>\n<p dir=\"ltr\">La presentazione del Manifesto come teoria e pratica per la creazione di comunit\u00e0 e progettazione co-partecipata all&#8217;interno delle aree rurali del mondo. La ruralit\u00e0 si manifesta come azione di presenza e realt\u00e0 politica, andando e superando oltre le sue caratteristiche geografiche per imporsi come modello concreto e paradigmatico capace di elaborare una sinergia fra best practices, tecnologia e consapevolezza del territorio e della sua tradizione.<\/p>\n<\/div><\/section><\/div><div class=\"flex_column av_one_fifth  flex_column_div av-zero-column-padding   avia-builder-el-14  el_after_av_three_fifth  avia-builder-el-last  \" style='border-radius:0px; '><\/div>\n","protected":false},"excerpt":{"rendered":"","protected":false},"author":2,"featured_media":0,"parent":0,"menu_order":0,"comment_status":"closed","ping_status":"closed","template":"","meta":{"footnotes":""},"class_list":["post-9588","page","type-page","status-publish","hentry"],"_links":{"self":[{"href":"https:\/\/2019.transeuropafestival.eu\/it\/wp-json\/wp\/v2\/pages\/9588","targetHints":{"allow":["GET"]}}],"collection":[{"href":"https:\/\/2019.transeuropafestival.eu\/it\/wp-json\/wp\/v2\/pages"}],"about":[{"href":"https:\/\/2019.transeuropafestival.eu\/it\/wp-json\/wp\/v2\/types\/page"}],"author":[{"embeddable":true,"href":"https:\/\/2019.transeuropafestival.eu\/it\/wp-json\/wp\/v2\/users\/2"}],"replies":[{"embeddable":true,"href":"https:\/\/2019.transeuropafestival.eu\/it\/wp-json\/wp\/v2\/comments?post=9588"}],"version-history":[{"count":3,"href":"https:\/\/2019.transeuropafestival.eu\/it\/wp-json\/wp\/v2\/pages\/9588\/revisions"}],"predecessor-version":[{"id":9596,"href":"https:\/\/2019.transeuropafestival.eu\/it\/wp-json\/wp\/v2\/pages\/9588\/revisions\/9596"}],"wp:attachment":[{"href":"https:\/\/2019.transeuropafestival.eu\/it\/wp-json\/wp\/v2\/media?parent=9588"}],"curies":[{"name":"wp","href":"https:\/\/api.w.org\/{rel}","templated":true}]}}